{"id":21756,"date":"2025-03-24T15:11:14","date_gmt":"2025-03-24T14:11:14","guid":{"rendered":"https:\/\/www.izarkom.eus\/gazteon-eskutik\/"},"modified":"2026-03-24T10:42:39","modified_gmt":"2026-03-24T09:42:39","slug":"gazteon-eskutik","status":"publish","type":"page","link":"https:\/\/www.izarkom.eus\/es\/gazteon-eskutik\/","title":{"rendered":"Gazteon Eskutik"},"content":{"rendered":"<p>[et_pb_section fb_built=\u00bb1&#8243; admin_label=\u00bbsection\u00bb _builder_version=\u00bb4.25.1&#8243; background_color=\u00bbRGBA(255,255,255,0)\u00bb min_height=\u00bb375px\u00bb custom_margin=\u00bb95px||||false|false\u00bb da_disable_devices=\u00bboff|off|off\u00bb global_colors_info=\u00bb{}\u00bb da_is_popup=\u00bboff\u00bb da_exit_intent=\u00bboff\u00bb da_has_close=\u00bbon\u00bb da_alt_close=\u00bboff\u00bb da_dark_close=\u00bboff\u00bb da_not_modal=\u00bbon\u00bb da_is_singular=\u00bboff\u00bb da_with_loader=\u00bboff\u00bb da_has_shadow=\u00bbon\u00bb][et_pb_row custom_padding_last_edited=\u00bbon|phone\u00bb _builder_version=\u00bb4.22.1&#8243; background_color=\u00bbRGBA(255,255,255,0)\u00bb background_size=\u00bbinitial\u00bb background_position=\u00bbtop_left\u00bb background_repeat=\u00bbrepeat\u00bb width=\u00bb70%\u00bb width_tablet=\u00bb95%\u00bb width_phone=\u00bb100%\u00bb width_last_edited=\u00bbon|desktop\u00bb max_width=\u00bb2560px\u00bb max_width_tablet=\u00bb2560%\u00bb max_width_phone=\u00bb90%\u00bb max_width_last_edited=\u00bbon|phone\u00bb custom_margin=\u00bb|auto||auto|false|false\u00bb custom_margin_tablet=\u00bb|auto||auto|false|false\u00bb custom_margin_phone=\u00bb|auto||0px|false|false\u00bb custom_margin_last_edited=\u00bbon|phone\u00bb custom_padding=\u00bb0px||0px||false|false\u00bb custom_padding_tablet=\u00bb|0px||0px\u00bb custom_padding_phone=\u00bb|||\u00bb module_alignment_tablet=\u00bbcenter\u00bb module_alignment_phone=\u00bbcenter\u00bb module_alignment_last_edited=\u00bbon|tablet\u00bb global_colors_info=\u00bb{}\u00bb max_width__hover_enabled=\u00bboff|desktop\u00bb][et_pb_column type=\u00bb4_4&#8243; _builder_version=\u00bb4.22.1&#8243; background_color=\u00bbRGBA(255,255,255,0)\u00bb custom_padding=\u00bb30px|50px|0px|50px|false|false\u00bb custom_padding_tablet=\u00bb30px|50px|0px|50px|false|false\u00bb custom_padding_phone=\u00bb20px|0px|0px|0px|false|false\u00bb custom_padding_last_edited=\u00bbon|phone\u00bb global_colors_info=\u00bb{}\u00bb custom_padding__hover=\u00bb|||\u00bb][et_pb_text admin_label=\u00bbTitle\u00bb _builder_version=\u00bb4.25.1&#8243; text_font=\u00bb||||||||\u00bb header_font=\u00bbPoppins||||||||\u00bb header_text_align=\u00bbleft\u00bb header_text_color=\u00bb#016098&#8243; header_font_size=\u00bb41px\u00bb header_2_font=\u00bbPoppins|600|||||||\u00bb header_2_text_align=\u00bbcenter\u00bb header_2_font_size=\u00bb36px\u00bb header_2_line_height=\u00bb1.2em\u00bb text_orientation=\u00bbcenter\u00bb background_layout=\u00bbdark\u00bb module_alignment=\u00bbcenter\u00bb min_height=\u00bb67px\u00bb custom_margin=\u00bb||0px|\u00bb custom_padding=\u00bb|||\u00bb animation_style=\u00bbfade\u00bb animation_direction=\u00bbtop\u00bb hover_enabled=\u00bb0&#8243; header_font_size_tablet=\u00bb45px\u00bb header_font_size_phone=\u00bb30px\u00bb header_font_size_last_edited=\u00bbon|phone\u00bb locked=\u00bboff\u00bb global_colors_info=\u00bb{}\u00bb sticky_enabled=\u00bb0&#8243;]<\/p>\n<h1>Gazteon Eskutik, sorteamos 2 bonos<\/h1>\n<p>[\/et_pb_text][\/et_pb_column][\/et_pb_row][et_pb_row column_structure=\u00bb1_2,1_2&#8243; _builder_version=\u00bb4.25.1&#8243; _module_preset=\u00bbdefault\u00bb background_color=\u00bbRGBA(255,255,255,0)\u00bb background_enable_image=\u00bboff\u00bb width=\u00bb100%\u00bb min_height=\u00bb700px\u00bb custom_margin=\u00bb||||false|false\u00bb custom_padding=\u00bb||||false|false\u00bb global_colors_info=\u00bb{}\u00bb][et_pb_column type=\u00bb1_2&#8243; _builder_version=\u00bb4.25.1&#8243; _module_preset=\u00bbdefault\u00bb custom_padding=\u00bb0px||||false|false\u00bb global_colors_info=\u00bb{}\u00bb][et_pb_image src=\u00bbhttps:\/\/www.izarkom.eus\/wp-content\/uploads\/2025\/03\/ERNAI02.png\u00bb title_text=\u00bbERNAI02&#8243; _builder_version=\u00bb4.25.1&#8243; _module_preset=\u00bbdefault\u00bb width=\u00bb82%\u00bb module_alignment=\u00bbright\u00bb custom_padding=\u00bb55px|||||\u00bb hover_enabled=\u00bb0&#8243; global_colors_info=\u00bb{}\u00bb disabled_on=\u00bbon|on|off\u00bb sticky_enabled=\u00bb0&#8243;][\/et_pb_image][\/et_pb_column][et_pb_column type=\u00bb1_2&#8243; _builder_version=\u00bb4.25.1&#8243; _module_preset=\u00bbdefault\u00bb custom_padding=\u00bb0px||||false|false\u00bb global_colors_info=\u00bb{}\u00bb][et_pb_text _builder_version=\u00bb4.25.1&#8243; background_color=\u00bbRGBA(255,255,255,0)\u00bb width=\u00bb80%\u00bb module_alignment=\u00bbleft\u00bb custom_padding=\u00bb30px|40px|30px|40px|true|true\u00bb hover_enabled=\u00bb0&#8243; border_radii=\u00bbon|10px|10px|10px|10px\u00bb border_width_all=\u00bb1px\u00bb border_color_all=\u00bb#DBDBDB\u00bb inline_fonts=\u00bbAlef\u00bb global_colors_info=\u00bb{}\u00bb module_alignment_last_edited=\u00bbon|tablet\u00bb module_alignment_tablet=\u00bbcenter\u00bb width_last_edited=\u00bbon|tablet\u00bb width_tablet=\u00bb90%\u00bb sticky_enabled=\u00bb0&#8243; module_alignment_phone=\u00bbcenter\u00bb width_phone=\u00bb90%\u00bb]<\/p>\n<p>Gracias a la colaboraci\u00f3n que hemos puesto en marcha Izarkom y ERNAI, sortearemos 2 bonos entre lxs socixs que os inscrib\u00e1is para el Gazteon Eskutik que tendr\u00e1 lugar del 17 al 20 de abril en Berriozar<\/p>\n<p>El sorteo se realizar\u00e1 el 4 de abril.<\/p>\n<p>[\/et_pb_text][et_pb_text _builder_version=\u00bb4.25.1&#8243; _module_preset=\u00bbdefault\u00bb background_color=\u00bb#BA0533&#8243; width=\u00bb80%\u00bb module_alignment=\u00bbleft\u00bb custom_padding=\u00bb30px|40px|30px|40px|true|true\u00bb hover_enabled=\u00bb0&#8243; border_radii=\u00bbon|10px|10px|10px|10px\u00bb global_colors_info=\u00bb{}\u00bb module_alignment_last_edited=\u00bbon|tablet\u00bb width_last_edited=\u00bbon|tablet\u00bb width_tablet=\u00bb91%\u00bb module_alignment_tablet=\u00bbcenter\u00bb sticky_enabled=\u00bb0&#8243; module_alignment_phone=\u00bbcenter\u00bb width_phone=\u00bb91%\u00bb]<\/p>\n\n<div class=\"wpcf7 no-js\" id=\"wpcf7-f21755-o1\" lang=\"es-ES\" dir=\"ltr\" data-wpcf7-id=\"21755\">\n<div class=\"screen-reader-response\"><p role=\"status\" aria-live=\"polite\" aria-atomic=\"true\"><\/p> <ul><\/ul><\/div>\n<form action=\"\/es\/wp-json\/wp\/v2\/pages\/21756#wpcf7-f21755-o1\" method=\"post\" class=\"wpcf7-form init\" aria-label=\"Formulario de contacto\" novalidate=\"novalidate\" data-status=\"init\">\n<fieldset class=\"hidden-fields-container\"><input type=\"hidden\" name=\"_wpcf7\" value=\"21755\" \/><input type=\"hidden\" name=\"_wpcf7_version\" value=\"6.1.5\" \/><input type=\"hidden\" name=\"_wpcf7_locale\" value=\"es_ES\" \/><input type=\"hidden\" name=\"_wpcf7_unit_tag\" value=\"wpcf7-f21755-o1\" \/><input type=\"hidden\" name=\"_wpcf7_container_post\" value=\"0\" \/><input type=\"hidden\" name=\"_wpcf7_posted_data_hash\" value=\"\" \/><input type=\"hidden\" name=\"_wpcf7cf_hidden_group_fields\" value=\"[]\" \/><input type=\"hidden\" name=\"_wpcf7cf_hidden_groups\" value=\"[]\" \/><input type=\"hidden\" name=\"_wpcf7cf_visible_groups\" value=\"[]\" \/><input type=\"hidden\" name=\"_wpcf7cf_repeaters\" value=\"[]\" \/><input type=\"hidden\" name=\"_wpcf7cf_steps\" value=\"{}\" \/><input type=\"hidden\" name=\"_wpcf7cf_options\" value=\"{&quot;form_id&quot;:21755,&quot;conditions&quot;:[],&quot;settings&quot;:{&quot;animation&quot;:&quot;yes&quot;,&quot;animation_intime&quot;:200,&quot;animation_outtime&quot;:200,&quot;conditions_ui&quot;:&quot;normal&quot;,&quot;notice_dismissed&quot;:false}}\" \/><input type=\"hidden\" name=\"_wpcf7_recaptcha_response\" value=\"\" \/>\n<\/fieldset>\n<link rel=\"stylesheet\" href=\"https:\/\/www.izarkom.eus\/wp-content\/plugins\/pdf-forms-for-contact-form-7\/css\/frontend.css\" \/><script type=\"text\/javascript\" src=\"https:\/\/www.izarkom.eus\/wp-content\/plugins\/pdf-forms-for-contact-form-7\/js\/frontend.js?ver=2.2.6\"><\/script><p><label><\/label>\n<\/p>\n<p style=\"font-size:80%; color:white;\">Nombre y apellidos de la persona socia<br \/>\n<span class=\"wpcf7-form-control-wrap\" data-name=\"Izena\"><input size=\"20\" maxlength=\"400\" class=\"wpcf7-form-control wpcf7-text wpcf7-validates-as-required\" aria-required=\"true\" aria-invalid=\"false\" placeholder=\"Nombre\" value=\"\" type=\"text\" name=\"Izena\" \/><\/span>\n<\/p>\n<p><label><span class=\"wpcf7-form-control-wrap\" data-name=\"Abizena\"><input size=\"20\" maxlength=\"400\" class=\"wpcf7-form-control wpcf7-text wpcf7-validates-as-required\" aria-required=\"true\" aria-invalid=\"false\" placeholder=\"1\u00ba apellido\" value=\"\" type=\"text\" name=\"Abizena\" \/><\/span><\/label><label><span class=\"wpcf7-form-control-wrap\" data-name=\"Beste-Abizena\"><input size=\"20\" maxlength=\"400\" class=\"wpcf7-form-control wpcf7-text\" aria-invalid=\"false\" placeholder=\"2\u00ba Apellido\" value=\"\" type=\"text\" name=\"Beste-Abizena\" \/><\/span><\/label><br \/>\n<label><\/label>\n<\/p>\n<p style=\"font-size:80%; color:white;\">N\u00ba de socix<br \/>\n<span class=\"wpcf7-form-control-wrap\" data-name=\"Kidea\"><input size=\"20\" maxlength=\"400\" class=\"wpcf7-form-control wpcf7-text wpcf7-validates-as-required\" aria-required=\"true\" aria-invalid=\"false\" placeholder=\"Kide zbkia.\" value=\"\" type=\"text\" name=\"Kidea\" \/><\/span><label><\/label>\n<\/p>\n<p style=\"font-size:80%; color:white;\">e-mail de contacto<br \/>\n<span class=\"wpcf7-form-control-wrap\" data-name=\"eposta\"><input size=\"20\" maxlength=\"400\" class=\"wpcf7-form-control wpcf7-email wpcf7-validates-as-required wpcf7-text wpcf7-validates-as-email\" aria-required=\"true\" aria-invalid=\"false\" placeholder=\"e-posta\" value=\"\" type=\"email\" name=\"eposta\" \/><\/span>\n<\/p>\n<p><input class=\"wpcf7-form-control wpcf7-submit has-spinner\" type=\"submit\" value=\"Bidali\" \/>\n<\/p><input type='hidden' class='wpcf7-pum' value='{\"closepopup\":false,\"closedelay\":0,\"openpopup\":false,\"openpopup_id\":0}' \/><div class=\"wpcf7-response-output\" aria-hidden=\"true\"><\/div>\n<\/form>\n<\/div>\n\n<p>[\/et_pb_text][\/et_pb_column][\/et_pb_row][\/et_pb_section]<\/p>\n","protected":false},"excerpt":{"rendered":"<p>Gazteon Eskutik, sorteamos 2 bonosGracias a la colaboraci\u00f3n que hemos puesto en marcha Izarkom y ERNAI, sortearemos 2 bonos entre lxs socixs que os inscrib\u00e1is para el Gazteon Eskutik que [&hellip;]<\/p>\n","protected":false},"author":5,"featured_media":21730,"parent":0,"menu_order":0,"comment_status":"closed","ping_status":"closed","template":"","meta":{"_et_pb_use_builder":"on","_et_pb_old_content":"","_et_gb_content_width":"","footnotes":""},"class_list":["post-21756","page","type-page","status-publish","has-post-thumbnail","hentry"],"yoast_head":"<!-- This site is optimized with the Yoast SEO plugin v27.5 - https:\/\/yoast.com\/product\/yoast-seo-wordpress\/ -->\n<title>Gazteon Eskutik - izarkom<\/title>\n<meta name=\"robots\" content=\"index, follow, max-snippet:-1, max-image-preview:large, max-video-preview:-1\" \/>\n<link rel=\"canonical\" href=\"https:\/\/www.izarkom.eus\/?page_id=21711\" \/>\n<meta property=\"og:locale\" content=\"es_ES\" \/>\n<meta property=\"og:type\" content=\"article\" \/>\n<meta property=\"og:title\" content=\"Gazteon Eskutik - izarkom\" \/>\n<meta property=\"og:description\" content=\"Gazteon Eskutik, sorteamos 2 bonosGracias a la colaboraci\u00f3n que hemos puesto en marcha Izarkom y ERNAI, sortearemos 2 bonos entre lxs socixs que os inscrib\u00e1is para el Gazteon Eskutik que [&hellip;]\" \/>\n<meta property=\"og:url\" content=\"https:\/\/www.izarkom.eus\/?page_id=21711\" \/>\n<meta property=\"og:site_name\" content=\"izarkom\" \/>\n<meta property=\"article:modified_time\" content=\"2026-03-24T09:42:39+00:00\" \/>\n<meta property=\"og:image\" content=\"https:\/\/www.izarkom.eus\/wp-content\/uploads\/2025\/03\/ERNAI02.png\" \/>\n\t<meta property=\"og:image:width\" content=\"1417\" \/>\n\t<meta property=\"og:image:height\" content=\"1134\" \/>\n\t<meta property=\"og:image:type\" content=\"image\/png\" \/>\n<meta name=\"twitter:card\" content=\"summary_large_image\" \/>\n<meta name=\"twitter:label1\" content=\"Tiempo de lectura\" \/>\n\t<meta name=\"twitter:data1\" content=\"3 minutos\" \/>\n<script type=\"application\/ld+json\" class=\"yoast-schema-graph\">{\"@context\":\"https:\\\/\\\/schema.org\",\"@graph\":[{\"@type\":\"WebPage\",\"@id\":\"https:\\\/\\\/www.izarkom.eus\\\/?page_id=21711\",\"url\":\"https:\\\/\\\/www.izarkom.eus\\\/?page_id=21711\",\"name\":\"Gazteon Eskutik - izarkom\",\"isPartOf\":{\"@id\":\"https:\\\/\\\/www.izarkom.eus\\\/#website\"},\"primaryImageOfPage\":{\"@id\":\"https:\\\/\\\/www.izarkom.eus\\\/?page_id=21711#primaryimage\"},\"image\":{\"@id\":\"https:\\\/\\\/www.izarkom.eus\\\/?page_id=21711#primaryimage\"},\"thumbnailUrl\":\"https:\\\/\\\/www.izarkom.eus\\\/wp-content\\\/uploads\\\/2025\\\/03\\\/ERNAI02.png\",\"datePublished\":\"2025-03-24T14:11:14+00:00\",\"dateModified\":\"2026-03-24T09:42:39+00:00\",\"breadcrumb\":{\"@id\":\"https:\\\/\\\/www.izarkom.eus\\\/?page_id=21711#breadcrumb\"},\"inLanguage\":\"es\",\"potentialAction\":[{\"@type\":\"ReadAction\",\"target\":[\"https:\\\/\\\/www.izarkom.eus\\\/?page_id=21711\"]}]},{\"@type\":\"ImageObject\",\"inLanguage\":\"es\",\"@id\":\"https:\\\/\\\/www.izarkom.eus\\\/?page_id=21711#primaryimage\",\"url\":\"https:\\\/\\\/www.izarkom.eus\\\/wp-content\\\/uploads\\\/2025\\\/03\\\/ERNAI02.png\",\"contentUrl\":\"https:\\\/\\\/www.izarkom.eus\\\/wp-content\\\/uploads\\\/2025\\\/03\\\/ERNAI02.png\",\"width\":1417,\"height\":1134},{\"@type\":\"BreadcrumbList\",\"@id\":\"https:\\\/\\\/www.izarkom.eus\\\/?page_id=21711#breadcrumb\",\"itemListElement\":[{\"@type\":\"ListItem\",\"position\":1,\"name\":\"Home\",\"item\":\"https:\\\/\\\/www.izarkom.eus\\\/\"},{\"@type\":\"ListItem\",\"position\":2,\"name\":\"Gazteon Eskutik\"}]},{\"@type\":\"WebSite\",\"@id\":\"https:\\\/\\\/www.izarkom.eus\\\/#website\",\"url\":\"https:\\\/\\\/www.izarkom.eus\\\/\",\"name\":\"izarkom\",\"description\":\"Izarkom, Euskal Herriko telekomunikazio kooperatiba\",\"potentialAction\":[{\"@type\":\"SearchAction\",\"target\":{\"@type\":\"EntryPoint\",\"urlTemplate\":\"https:\\\/\\\/www.izarkom.eus\\\/?s={search_term_string}\"},\"query-input\":{\"@type\":\"PropertyValueSpecification\",\"valueRequired\":true,\"valueName\":\"search_term_string\"}}],\"inLanguage\":\"es\"}]}<\/script>\n<!-- \/ Yoast SEO plugin. -->","yoast_head_json":{"title":"Gazteon Eskutik - izarkom","robots":{"index":"index","follow":"follow","max-snippet":"max-snippet:-1","max-image-preview":"max-image-preview:large","max-video-preview":"max-video-preview:-1"},"canonical":"https:\/\/www.izarkom.eus\/?page_id=21711","og_locale":"es_ES","og_type":"article","og_title":"Gazteon Eskutik - izarkom","og_description":"Gazteon Eskutik, sorteamos 2 bonosGracias a la colaboraci\u00f3n que hemos puesto en marcha Izarkom y ERNAI, sortearemos 2 bonos entre lxs socixs que os inscrib\u00e1is para el Gazteon Eskutik que [&hellip;]","og_url":"https:\/\/www.izarkom.eus\/?page_id=21711","og_site_name":"izarkom","article_modified_time":"2026-03-24T09:42:39+00:00","og_image":[{"width":1417,"height":1134,"url":"https:\/\/www.izarkom.eus\/wp-content\/uploads\/2025\/03\/ERNAI02.png","type":"image\/png"}],"twitter_card":"summary_large_image","twitter_misc":{"Tiempo de lectura":"3 minutos"},"schema":{"@context":"https:\/\/schema.org","@graph":[{"@type":"WebPage","@id":"https:\/\/www.izarkom.eus\/?page_id=21711","url":"https:\/\/www.izarkom.eus\/?page_id=21711","name":"Gazteon Eskutik - izarkom","isPartOf":{"@id":"https:\/\/www.izarkom.eus\/#website"},"primaryImageOfPage":{"@id":"https:\/\/www.izarkom.eus\/?page_id=21711#primaryimage"},"image":{"@id":"https:\/\/www.izarkom.eus\/?page_id=21711#primaryimage"},"thumbnailUrl":"https:\/\/www.izarkom.eus\/wp-content\/uploads\/2025\/03\/ERNAI02.png","datePublished":"2025-03-24T14:11:14+00:00","dateModified":"2026-03-24T09:42:39+00:00","breadcrumb":{"@id":"https:\/\/www.izarkom.eus\/?page_id=21711#breadcrumb"},"inLanguage":"es","potentialAction":[{"@type":"ReadAction","target":["https:\/\/www.izarkom.eus\/?page_id=21711"]}]},{"@type":"ImageObject","inLanguage":"es","@id":"https:\/\/www.izarkom.eus\/?page_id=21711#primaryimage","url":"https:\/\/www.izarkom.eus\/wp-content\/uploads\/2025\/03\/ERNAI02.png","contentUrl":"https:\/\/www.izarkom.eus\/wp-content\/uploads\/2025\/03\/ERNAI02.png","width":1417,"height":1134},{"@type":"BreadcrumbList","@id":"https:\/\/www.izarkom.eus\/?page_id=21711#breadcrumb","itemListElement":[{"@type":"ListItem","position":1,"name":"Home","item":"https:\/\/www.izarkom.eus\/"},{"@type":"ListItem","position":2,"name":"Gazteon Eskutik"}]},{"@type":"WebSite","@id":"https:\/\/www.izarkom.eus\/#website","url":"https:\/\/www.izarkom.eus\/","name":"izarkom","description":"Izarkom, Euskal Herriko telekomunikazio kooperatiba","potentialAction":[{"@type":"SearchAction","target":{"@type":"EntryPoint","urlTemplate":"https:\/\/www.izarkom.eus\/?s={search_term_string}"},"query-input":{"@type":"PropertyValueSpecification","valueRequired":true,"valueName":"search_term_string"}}],"inLanguage":"es"}]}},"_links":{"self":[{"href":"https:\/\/www.izarkom.eus\/es\/wp-json\/wp\/v2\/pages\/21756","targetHints":{"allow":["GET"]}}],"collection":[{"href":"https:\/\/www.izarkom.eus\/es\/wp-json\/wp\/v2\/pages"}],"about":[{"href":"https:\/\/www.izarkom.eus\/es\/wp-json\/wp\/v2\/types\/page"}],"author":[{"embeddable":true,"href":"https:\/\/www.izarkom.eus\/es\/wp-json\/wp\/v2\/users\/5"}],"replies":[{"embeddable":true,"href":"https:\/\/www.izarkom.eus\/es\/wp-json\/wp\/v2\/comments?post=21756"}],"version-history":[{"count":5,"href":"https:\/\/www.izarkom.eus\/es\/wp-json\/wp\/v2\/pages\/21756\/revisions"}],"predecessor-version":[{"id":27788,"href":"https:\/\/www.izarkom.eus\/es\/wp-json\/wp\/v2\/pages\/21756\/revisions\/27788"}],"wp:featuredmedia":[{"embeddable":true,"href":"https:\/\/www.izarkom.eus\/es\/wp-json\/wp\/v2\/media\/21730"}],"wp:attachment":[{"href":"https:\/\/www.izarkom.eus\/es\/wp-json\/wp\/v2\/media?parent=21756"}],"curies":[{"name":"wp","href":"https:\/\/api.w.org\/{rel}","templated":true}]}}