{"id":17227,"date":"2024-07-23T15:35:26","date_gmt":"2024-07-23T13:35:26","guid":{"rendered":"https:\/\/www.izarkom.eus\/tarifas-de-roaming\/"},"modified":"2026-01-29T10:10:49","modified_gmt":"2026-01-29T09:10:49","slug":"tarifas-de-roaming","status":"publish","type":"page","link":"https:\/\/www.izarkom.eus\/es\/tarifas-de-roaming\/","title":{"rendered":"Tarifas de roaming"},"content":{"rendered":"<p>[et_pb_section fb_built=\u00bb1&#8243; _builder_version=\u00bb4.25.1&#8243; background_color=\u00bbRGBA(255,255,255,0)\u00bb custom_margin=\u00bb117px||||false|false\u00bb custom_margin_tablet=\u00bb\u00bb custom_margin_phone=\u00bb80px||||false|false\u00bb custom_margin_last_edited=\u00bbon|phone\u00bb da_disable_devices=\u00bboff|off|off\u00bb global_colors_info=\u00bb{}\u00bb da_is_popup=\u00bboff\u00bb da_exit_intent=\u00bboff\u00bb da_has_close=\u00bbon\u00bb da_alt_close=\u00bboff\u00bb da_dark_close=\u00bboff\u00bb da_not_modal=\u00bbon\u00bb da_is_singular=\u00bboff\u00bb da_with_loader=\u00bboff\u00bb da_has_shadow=\u00bbon\u00bb][et_pb_row custom_padding_last_edited=\u00bbon|phone\u00bb admin_label=\u00bbrow\u00bb _builder_version=\u00bb4.25.1&#8243; background_color=\u00bbRGBA(255,255,255,0)\u00bb background_size=\u00bbinitial\u00bb background_position=\u00bbtop_left\u00bb background_repeat=\u00bbrepeat\u00bb width=\u00bb100%\u00bb custom_margin=\u00bb|0px||0px|false|false\u00bb custom_padding=\u00bb10px|212px|0px|212px|false|false\u00bb custom_padding_tablet=\u00bb|0px||0px|false|false\u00bb custom_padding_phone=\u00bb\u00bb locked=\u00bboff\u00bb global_colors_info=\u00bb{}\u00bb][et_pb_column type=\u00bb4_4&#8243; _builder_version=\u00bb4.25.1&#8243; background_color=\u00bbRGBA(255,255,255,0)\u00bb background_position=\u00bbtop_left\u00bb custom_padding=\u00bb30px|50px||30px|false|false\u00bb global_colors_info=\u00bb{}\u00bb custom_padding__hover=\u00bb|||\u00bb][et_pb_text _builder_version=\u00bb4.25.1&#8243; text_font=\u00bb&#8211;et_global_body_font|300|||||||\u00bb text_text_color=\u00bb#000000&#8243; text_font_size=\u00bb16px\u00bb header_text_color=\u00bb#016098&#8243; text_orientation=\u00bbcenter\u00bb module_alignment=\u00bbleft\u00bb custom_padding=\u00bb25px||||false|false\u00bb header_text_color_tablet=\u00bb#016098&#8243; header_text_color_phone=\u00bb#016098&#8243; header_text_color_last_edited=\u00bbon|phone\u00bb global_colors_info=\u00bb{}\u00bb]<\/p>\n<h1 style=\"text-align: left;\">Tarifas de roaming<\/h1>\n<p>[\/et_pb_text][\/et_pb_column][\/et_pb_row][et_pb_row column_structure=\u00bb1_2,1_2&#8243; custom_padding_last_edited=\u00bbon|phone\u00bb admin_label=\u00bbrow\u00bb _builder_version=\u00bb4.25.1&#8243; background_color=\u00bbRGBA(255,255,255,0)\u00bb background_size=\u00bbinitial\u00bb background_position=\u00bbtop_left\u00bb background_repeat=\u00bbrepeat\u00bb width=\u00bb100%\u00bb custom_margin=\u00bb|0px||0px|false|false\u00bb custom_padding=\u00bb10px|212px|40px|212px|false|false\u00bb custom_padding_tablet=\u00bb|0px||0px|false|false\u00bb custom_padding_phone=\u00bb\u00bb locked=\u00bboff\u00bb global_colors_info=\u00bb{}\u00bb][et_pb_column type=\u00bb1_2&#8243; _builder_version=\u00bb4.25.1&#8243; background_color=\u00bbRGBA(255,255,255,0)\u00bb background_position=\u00bbtop_left\u00bb custom_padding=\u00bb30px|50px||30px|false|false\u00bb global_colors_info=\u00bb{}\u00bb custom_padding__hover=\u00bb|||\u00bb][et_pb_text _builder_version=\u00bb4.25.1&#8243; _module_preset=\u00bbdefault\u00bb text_font=\u00bb&#8211;et_global_body_font|300|||||||\u00bb module_alignment=\u00bbcenter\u00bb link_option_url=\u00bbhttps:\/\/www.izarkom.eus\/wp-content\/uploads\/2025\/01\/Roaming-Tarifak-25_Martxoa.pdf\u00bb link_option_url_new_window=\u00bbon\u00bb header_2_font_size_tablet=\u00bb\u00bb header_2_font_size_phone=\u00bb20px\u00bb header_2_font_size_last_edited=\u00bbon|phone\u00bb global_colors_info=\u00bb{}\u00bb]<\/p>\n<h2>Consulta todas las tarifas<a href=\"https:\/\/www.izarkom.eus\/wp-content\/uploads\/2025\/01\/Roaming-Tarifak-25_Martxoa.pdf\"> aqu\u00ed.<\/a><\/h2>\n<p>[\/et_pb_text][et_pb_button button_url=\u00bbhttps:\/\/www.izarkom.eus\/wp-content\/uploads\/2026\/01\/Roaming-Tarifak-25_Martxoa2_ber.pdf\u00bb url_new_window=\u00bbon\u00bb button_text=\u00bbDescarga la tabla\u00bb button_alignment=\u00bbcenter\u00bb _builder_version=\u00bb4.25.1&#8243; _module_preset=\u00bbdefault\u00bb custom_button=\u00bbon\u00bb button_text_color=\u00bb#FFFFFF\u00bb button_bg_color=\u00bb#BA0533&#8243; hover_enabled=\u00bb0&#8243; global_colors_info=\u00bb{}\u00bb sticky_enabled=\u00bb0&#8243;][\/et_pb_button][et_pb_image src=\u00bbhttps:\/\/www.izarkom.eus\/wp-content\/uploads\/2025\/01\/Mundua-1.png\u00bb title_text=\u00bbMundua\u00bb url=\u00bbhttps:\/\/www.izarkom.eus\/wp-content\/uploads\/2025\/01\/Roaming-Tarifak-25_Martxoa.pdf\u00bb url_new_window=\u00bbon\u00bb _builder_version=\u00bb4.25.1&#8243; _module_preset=\u00bbdefault\u00bb custom_margin=\u00bb||||false|false\u00bb custom_padding=\u00bb||||false|false\u00bb global_colors_info=\u00bb{}\u00bb][\/et_pb_image][\/et_pb_column][et_pb_column type=\u00bb1_2&#8243; _builder_version=\u00bb4.25.1&#8243; background_color=\u00bbRGBA(255,255,255,0)\u00bb background_position=\u00bbtop_left\u00bb custom_padding=\u00bb30px|50px||30px|false|false\u00bb custom_padding_tablet=\u00bb30px|50px||30px|false|false\u00bb custom_padding_phone=\u00bb0px|30px||30px|false|true\u00bb custom_padding_last_edited=\u00bbon|phone\u00bb global_colors_info=\u00bb{}\u00bb custom_padding__hover=\u00bb|||\u00bb][et_pb_accordion open_toggle_text_color=\u00bb#016098&#8243; open_toggle_background_color=\u00bbRGBA(255,255,255,0)\u00bb closed_toggle_text_color=\u00bb#FFFFFF\u00bb closed_toggle_background_color=\u00bb#BF3E2D\u00bb toggle_icon=\u00bb&#xf067;||fa||900&#8243; icon_color=\u00bb#FFFFFF\u00bb _builder_version=\u00bb4.25.1&#8243; _module_preset=\u00bbdefault\u00bb toggle_text_color=\u00bb#FFFFFF\u00bb toggle_font=\u00bb||||||||\u00bb closed_toggle_font=\u00bb||||||||\u00bb body_font=\u00bb&#8211;et_global_body_font||||||||\u00bb body_font_size=\u00bb14px\u00bb custom_padding_tablet=\u00bb\u00bb custom_padding_phone=\u00bb||||false|false\u00bb custom_padding_last_edited=\u00bbon|phone\u00bb border_radii=\u00bbon|9px|9px|9px|9px\u00bb border_width_all=\u00bb0px\u00bb global_colors_info=\u00bb{}\u00bb][et_pb_accordion_item title=\u00bb\u00bfEn qu\u00e9 paises el roaming es gratuito?\u00bb open=\u00bbon\u00bb closed_toggle_background_color=\u00bb#BA0533&#8243; _builder_version=\u00bb4.25.1&#8243; _module_preset=\u00bbdefault\u00bb global_colors_info=\u00bb{}\u00bb]<\/p>\n<div id=\"translation_text\">\n<div class=\"jumbotron-text\">\n<div class=\"row\">\n<div class=\"col-md-12 col-xs-12\">Estos pa\u00edses son: Alemania, Austria, B\u00e9lgica, Bulgaria, Chipre, Croacia, Dinamarca, Eslovaquia, Eslovenia, Estonia, Finlandia, Francia, Gibraltar, Grecia, Guadalupe, Guayana Francesa, Holanda, Hungr\u00eda, Irlanda, Isla Martinica, Isla Reuni\u00f3n, Islandia, Italia, Letonia, Liechtenstein, Lituania, Luxemburgo, Malta, Noruega, Polonia, Portugal (Madeira y Azores), Rep\u00fablica Checa, Ruman\u00eda y Suecia.<\/div>\n<\/div>\n<\/div>\n<\/div>\n<p>[\/et_pb_accordion_item][et_pb_accordion_item title=\u00bb \u00bfCu\u00e1l es la diferencia entre llamadas internacionales y llamadas de roaming?\u00bb closed_toggle_background_color=\u00bb#BA0533&#8243; _builder_version=\u00bb4.25.1&#8243; _module_preset=\u00bbdefault\u00bb global_colors_info=\u00bb{}\u00bb open=\u00bboff\u00bb]<\/p>\n<p>Cuando estamos en la Uni\u00f3n Europea (ZONA ROAMING 1) podemos usar el tel\u00e9fono como si estuvi\u00e9ramos en nuestro sitio de origen (como si fu\u00e9ramos en el Estado espa\u00f1ol).<\/p>\n<p>Si hacemos las llamadas a un tel\u00e9fono del estado espa\u00f1ol (no importa que sea m\u00f3vil y esa l\u00ednea est\u00e9 en Alemania), la tarifa depender\u00e1 del servicio que tenemos contratado. Es decir, ser\u00e1 gratuito hasta agotar el n\u00famero de minutos contratados y a partir de ah\u00ed en el precio habitual (0,18 \u20acestablecimiento de llamada, gratuitos los 5 primeros minutos y 0,036 \u20acel resto del minuto).<\/p>\n<p>Si llamamos a un tel\u00e9fono de la Uni\u00f3n Europea (que no pertenece al Estado espa\u00f1ol), se cobrar\u00e1 como una llamada internacional , aunque estemos tambi\u00e9n en ese Estado.<\/p>\n<p><a href=\"https:\/\/www.izarkom.eus\/es\/lammadas-internacionales\/\" target=\"_blank\" rel=\"noopener\">AQUI<\/a> puedes ver las tarifas de llas llamada efectuadas a zonas fuera del estado espa\u00f1ol .<\/p>\n<p>[\/et_pb_accordion_item][et_pb_accordion_item title=\u00bb \u00bfQu\u00e9 dice la nueva ley que regula la limitaci\u00f3n del uso de datos en la zona 1 de Roaming?\u00bb closed_toggle_background_color=\u00bb#BA0533&#8243; _builder_version=\u00bb4.25.1&#8243; _module_preset=\u00bbdefault\u00bb global_colors_info=\u00bb{}\u00bb open=\u00bboff\u00bb]<\/p>\n<p>Si viajamos a un pa\u00eds de la Uni\u00f3n Europea, podemos seguir utilizando la l\u00ednea que tenemos contratada con Izarkom, activando el servicio de roaming.<\/p>\n<p><strong>\u00a1Pero atenci\u00f3n!<\/strong> A partir de ahora, seg\u00fan los datos que tenemos contratados en nuestra tarifa, solo podremos consumir un m\u00e1ximo de GB a ese precio. Al superar el l\u00edmite, bajar\u00e1 la velocidad de conexi\u00f3n (como ocurre al finalizar los datos) y si necesitamos seguir consumiendo datos, deberemos solicitar<strong> datos adicionales<\/strong>.<\/p>\n<p>En la siguiente tabla podemos consultar cu\u00e1ntos datos podremos utilizar en funci\u00f3n de la tarifa contratada:<\/p>\n<table>\n<tbody>\n<tr>\n<td><span style=\"font-weight: 400; color: #ff0000;\">Tarifa<\/span><\/td>\n<td><span style=\"font-weight: 400; color: #ff0000;\">Datos en el estado<\/span><\/td>\n<td><span style=\"font-weight: 400; color: #ff0000;\">Limite Roaming <br \/><\/span><\/td>\n<\/tr>\n<tr>\n<td><span style=\"font-weight: 400;\">150min 1 GB<\/span><\/td>\n<td><span style=\"font-weight: 400;\">1 GB<\/span><\/td>\n<td><span style=\"font-weight: 400;\">1 GB<\/span><\/td>\n<\/tr>\n<tr>\n<td><span style=\"font-weight: 400;\">Llamadas ilimitadas y 5 GB<\/span><\/td>\n<td><span style=\"font-weight: 400;\">5 GB<\/span><\/td>\n<td><span style=\"font-weight: 400;\">5 GB<\/span><\/td>\n<\/tr>\n<tr>\n<td><span style=\"font-weight: 400;\">Llamadas ilimitadas y 40 GB<\/span><\/td>\n<td><span style=\"font-weight: 400;\">40 GB<\/span><\/td>\n<td><span style=\"font-weight: 400;\">10GB<\/span><\/td>\n<\/tr>\n<tr>\n<td><span style=\"font-weight: 400;\">Llamadas ilimitadas y 60 GB<\/span><\/td>\n<td><span style=\"font-weight: 400;\">60 GB<\/span><\/td>\n<td><span style=\"font-weight: 400;\">12,5 GB<\/span><\/td>\n<\/tr>\n<tr>\n<td><span style=\"font-weight: 400;\">Llamadas ilimitadas y 100 GB<\/span><\/td>\n<td><span style=\"font-weight: 400;\">100 GB<\/span><\/td>\n<td><span style=\"font-weight: 400;\">13,8 GB<\/span><\/td>\n<\/tr>\n<tr>\n<td><span style=\"font-weight: 400;\">Llamadas ilimitadas y 90 GB<\/span><\/td>\n<td><span style=\"font-weight: 400;\">200 GB<\/span><\/td>\n<td><span style=\"font-weight: 400;\">19 GB<\/span><\/td>\n<\/tr>\n<tr>\n<td><span style=\"font-weight: 400;\">Llamadas ilimitadas y 400 GB<\/span><\/td>\n<td><span style=\"font-weight: 400;\">400 GB<\/span><\/td>\n<td><span style=\"font-weight: 400;\">31 GB<\/span><\/td>\n<\/tr>\n<tr>\n<td><span style=\"font-weight: 400;\">Bono compartido 60 GB<br \/><\/span><\/td>\n<td><span style=\"font-weight: 400;\">60 GB<\/span><\/td>\n<td><span style=\"font-weight: 400;\">29 GB<\/span><\/td>\n<\/tr>\n<tr>\n<td><span style=\"font-weight: 400;\">Bono compartido 80 GB<br \/><\/span><\/td>\n<td><span style=\"font-weight: 400;\">80 GB<\/span><\/td>\n<td><span style=\"font-weight: 400;\">34 GB<\/span><\/td>\n<\/tr>\n<tr>\n<td><span style=\"font-weight: 400;\">Bono compartido 150 GB<br \/><\/span><\/td>\n<td><span style=\"font-weight: 400;\">150 GB<\/span><\/td>\n<td><span style=\"font-weight: 400;\">33 GB<\/span><\/td>\n<\/tr>\n<\/tbody>\n<\/table>\n<p>Si realizamos la vuelta a casa en el mismo mes, podremos recuperar los datos no utilizados (ser\u00e1 como si hubieran quedado bloqueados).<\/p>\n<p>El objetivo de este cambio impuesto por Bruselas es evitar el <strong>uso indebido<\/strong> del Roaming. En concreto, aprovechando que el roaming de la zona uno es gratuito para evitar que se contraten servicios de telefon\u00eda e internet de otro pa\u00eds con tarifas m\u00e1s baratas. Por ejemplo, como en Alemania las tarifas son m\u00e1s caras que en Espa\u00f1a, una persona residente en Alemania podr\u00eda contratar los servicios m\u00e1s baratos a un operador espa\u00f1ol y utilizarlos en Alemania.<\/p>\n<p>&nbsp;<\/p>\n<p>[\/et_pb_accordion_item][et_pb_accordion_item title=\u00bb \u00bfQu\u00e9 servicios de mi tarifa puedo utilizar cuando viajo a Estados Unidos?\u00bb closed_toggle_background_color=\u00bb#BA0533&#8243; _builder_version=\u00bb4.25.1&#8243; _module_preset=\u00bbdefault\u00bb global_colors_info=\u00bb{}\u00bb open=\u00bboff\u00bb]<\/p>\n<div id=\"translation_text\">\n<div class=\"jumbotron-text\">\n<div class=\"row\">\n<div class=\"col-md-12 col-xs-12\">Desde marzo de 2022, los operadores americanos comenzaron a apagar gradualmente las redes 2G y 3G. En consecuencia, si viajamos a Estados Unidos tendremos servicios SMS y datos de navegaci\u00f3n, pero no podremos hacer ni recibir llamadas.<\/div>\n<\/div>\n<div class=\"row\">\n<div class=\"col-md-12 col-xs-12\">En este caso os recordamos que pod\u00e9is realizar llamadas a trav\u00e9s de las aplicaciones de los servicios de mensajer\u00eda (Telegram).<\/div>\n<\/div>\n<\/div>\n<\/div>\n<p>[\/et_pb_accordion_item][et_pb_accordion_item title=\u00bb \u00bfQu\u00e9 es la itinerancia de datos, para qu\u00e9 sirve y c\u00f3mo podemos activarla?\u00bb closed_toggle_background_color=\u00bb#BA0533&#8243; _builder_version=\u00bb4.25.1&#8243; _module_preset=\u00bbdefault\u00bb global_colors_info=\u00bb{}\u00bb open=\u00bboff\u00bb]<\/p>\n<div id=\"translation_text\">\n<div class=\"jumbotron-text\">\n<div class=\"row\">\n<div class=\"col-md-12 col-xs-12\">Cuando entramos en un territorio fuera de Espa\u00f1a, el nombre del operador que sale en nuestro m\u00f3vil cambia. Adem\u00e1s, nos env\u00edan un SMS para informarnos que, desde ese momento, estamos conectados en redes de telefon\u00eda de los operadores del pa\u00eds de destino. A todo esto, se le denomina itinerancia de datos.<\/div>\n<\/div>\n<div class=\"row\">\n<div class=\"col-md-12 col-xs-12\">\n<p>\u00bfPara qu\u00e9 sirve la itinerancia de datos?<br \/>La itinerancia de datos nos permite seguir llamando, recibiendo llamadas y usar los datos m\u00f3viles cuando estamos de viaje, porque los operadores locales suministran sus servicios a nuestro operador. A este t\u00e9rmino tambi\u00e9n se le conoce como Roaming, en ingl\u00e9s.<\/p>\n<p>\u00bfC\u00f3mo activar o desactivar la itinerancia de datos?<br \/>Cuando salimos, en el tel\u00e9fono m\u00f3vil nos sale una ventana emergente que nos dice que debemos activar la itinerancia de datos y\/o nos comunica que a partir de ahora vamos a utilizar el m\u00f3vil en otro pa\u00eds.<\/p>\n<p>Seg\u00fan el m\u00f3vil que tengamos los pasos parta activar o quitar la itinerancia de datos son diferentes, ya que podemos tener un dispositivo con un sistema operativo Android o iOS (iPhone).<\/p>\n<p>Pasos para Android<br \/>1. Entramos en Ajustes de Tel\u00e9fono <br \/>2. Entramos en Redes M\u00f3viles.<br \/>3. Una vez estamos ah\u00ed, veremos la opci\u00f3n de Itinerancia de datos, lo m\u00e1s seguro es que est\u00e9 desactivada. Solamente tenemos que activarlo y aparecer\u00e1 de color verde.<\/p>\n<p>Pasos para iPhone<br \/>1. Entramos en Ajustes del Tel\u00e9fono.<br \/>2. Hacemos clic sobre Datos m\u00f3viles.<br \/>3. Ah\u00ed ya tenemos la opci\u00f3n de Itinerancia de datos, que activaremos presionando el interruptor que se volver\u00e1 de color verde.<\/p>\n<p>En el caso en el que no funcione, puede ser porque debemos activar la opci\u00f3n autom\u00e1tica de detectar el operador y esto se hace siguiendo los pasos siguientes: <br \/>1. Dentro de Ajustes, entramos en Operador.<br \/>2. Ah\u00ed tenemos la opci\u00f3n de Autom\u00e1tico, la activamos y listo.<\/p>\n<\/div>\n<\/div>\n<\/div>\n<\/div>\n<p>[\/et_pb_accordion_item][\/et_pb_accordion][\/et_pb_column][\/et_pb_row][\/et_pb_section]<\/p>\n","protected":false},"excerpt":{"rendered":"<p>Tarifas de roamingConsulta todas las tarifas aqu\u00ed. Estos pa\u00edses son: Alemania, Austria, B\u00e9lgica, Bulgaria, Chipre, Croacia, Dinamarca, Eslovaquia, Eslovenia, Estonia, Finlandia, Francia, Gibraltar, Grecia, Guadalupe, Guayana Francesa, Holanda, Hungr\u00eda, Irlanda, [&hellip;]<\/p>\n","protected":false},"author":5,"featured_media":0,"parent":0,"menu_order":0,"comment_status":"closed","ping_status":"closed","template":"","meta":{"_et_pb_use_builder":"on","_et_pb_old_content":"","_et_gb_content_width":"","footnotes":""},"class_list":["post-17227","page","type-page","status-publish","hentry"],"yoast_head":"<!-- This site is optimized with the Yoast SEO plugin v27.4 - https:\/\/yoast.com\/product\/yoast-seo-wordpress\/ -->\n<title>Tarifas de roaming - izarkom<\/title>\n<meta name=\"robots\" content=\"index, follow, max-snippet:-1, max-image-preview:large, max-video-preview:-1\" \/>\n<link rel=\"canonical\" href=\"https:\/\/www.izarkom.eus\/es\/tarifas-de-roaming\/\" \/>\n<meta property=\"og:locale\" content=\"es_ES\" \/>\n<meta property=\"og:type\" content=\"article\" \/>\n<meta property=\"og:title\" content=\"Tarifas de roaming - izarkom\" \/>\n<meta property=\"og:description\" content=\"Tarifas de roamingConsulta todas las tarifas aqu\u00ed. Estos pa\u00edses son: Alemania, Austria, B\u00e9lgica, Bulgaria, Chipre, Croacia, Dinamarca, Eslovaquia, Eslovenia, Estonia, Finlandia, Francia, Gibraltar, Grecia, Guadalupe, Guayana Francesa, Holanda, Hungr\u00eda, Irlanda, [&hellip;]\" \/>\n<meta property=\"og:url\" content=\"https:\/\/www.izarkom.eus\/es\/tarifas-de-roaming\/\" \/>\n<meta property=\"og:site_name\" content=\"izarkom\" \/>\n<meta property=\"article:modified_time\" content=\"2026-01-29T09:10:49+00:00\" \/>\n<meta name=\"twitter:card\" content=\"summary_large_image\" \/>\n<meta name=\"twitter:label1\" content=\"Tiempo de lectura\" \/>\n\t<meta name=\"twitter:data1\" content=\"8 minutos\" \/>\n<script type=\"application\/ld+json\" class=\"yoast-schema-graph\">{\"@context\":\"https:\\\/\\\/schema.org\",\"@graph\":[{\"@type\":\"WebPage\",\"@id\":\"https:\\\/\\\/www.izarkom.eus\\\/es\\\/tarifas-de-roaming\\\/\",\"url\":\"https:\\\/\\\/www.izarkom.eus\\\/es\\\/tarifas-de-roaming\\\/\",\"name\":\"Tarifas de roaming - izarkom\",\"isPartOf\":{\"@id\":\"https:\\\/\\\/www.izarkom.eus\\\/#website\"},\"datePublished\":\"2024-07-23T13:35:26+00:00\",\"dateModified\":\"2026-01-29T09:10:49+00:00\",\"breadcrumb\":{\"@id\":\"https:\\\/\\\/www.izarkom.eus\\\/es\\\/tarifas-de-roaming\\\/#breadcrumb\"},\"inLanguage\":\"es\",\"potentialAction\":[{\"@type\":\"ReadAction\",\"target\":[\"https:\\\/\\\/www.izarkom.eus\\\/es\\\/tarifas-de-roaming\\\/\"]}]},{\"@type\":\"BreadcrumbList\",\"@id\":\"https:\\\/\\\/www.izarkom.eus\\\/es\\\/tarifas-de-roaming\\\/#breadcrumb\",\"itemListElement\":[{\"@type\":\"ListItem\",\"position\":1,\"name\":\"Home\",\"item\":\"https:\\\/\\\/www.izarkom.eus\\\/\"},{\"@type\":\"ListItem\",\"position\":2,\"name\":\"Tarifas de roaming\"}]},{\"@type\":\"WebSite\",\"@id\":\"https:\\\/\\\/www.izarkom.eus\\\/#website\",\"url\":\"https:\\\/\\\/www.izarkom.eus\\\/\",\"name\":\"izarkom\",\"description\":\"Izarkom, Euskal Herriko telekomunikazio kooperatiba\",\"potentialAction\":[{\"@type\":\"SearchAction\",\"target\":{\"@type\":\"EntryPoint\",\"urlTemplate\":\"https:\\\/\\\/www.izarkom.eus\\\/?s={search_term_string}\"},\"query-input\":{\"@type\":\"PropertyValueSpecification\",\"valueRequired\":true,\"valueName\":\"search_term_string\"}}],\"inLanguage\":\"es\"}]}<\/script>\n<!-- \/ Yoast SEO plugin. -->","yoast_head_json":{"title":"Tarifas de roaming - izarkom","robots":{"index":"index","follow":"follow","max-snippet":"max-snippet:-1","max-image-preview":"max-image-preview:large","max-video-preview":"max-video-preview:-1"},"canonical":"https:\/\/www.izarkom.eus\/es\/tarifas-de-roaming\/","og_locale":"es_ES","og_type":"article","og_title":"Tarifas de roaming - izarkom","og_description":"Tarifas de roamingConsulta todas las tarifas aqu\u00ed. Estos pa\u00edses son: Alemania, Austria, B\u00e9lgica, Bulgaria, Chipre, Croacia, Dinamarca, Eslovaquia, Eslovenia, Estonia, Finlandia, Francia, Gibraltar, Grecia, Guadalupe, Guayana Francesa, Holanda, Hungr\u00eda, Irlanda, [&hellip;]","og_url":"https:\/\/www.izarkom.eus\/es\/tarifas-de-roaming\/","og_site_name":"izarkom","article_modified_time":"2026-01-29T09:10:49+00:00","twitter_card":"summary_large_image","twitter_misc":{"Tiempo de lectura":"8 minutos"},"schema":{"@context":"https:\/\/schema.org","@graph":[{"@type":"WebPage","@id":"https:\/\/www.izarkom.eus\/es\/tarifas-de-roaming\/","url":"https:\/\/www.izarkom.eus\/es\/tarifas-de-roaming\/","name":"Tarifas de roaming - izarkom","isPartOf":{"@id":"https:\/\/www.izarkom.eus\/#website"},"datePublished":"2024-07-23T13:35:26+00:00","dateModified":"2026-01-29T09:10:49+00:00","breadcrumb":{"@id":"https:\/\/www.izarkom.eus\/es\/tarifas-de-roaming\/#breadcrumb"},"inLanguage":"es","potentialAction":[{"@type":"ReadAction","target":["https:\/\/www.izarkom.eus\/es\/tarifas-de-roaming\/"]}]},{"@type":"BreadcrumbList","@id":"https:\/\/www.izarkom.eus\/es\/tarifas-de-roaming\/#breadcrumb","itemListElement":[{"@type":"ListItem","position":1,"name":"Home","item":"https:\/\/www.izarkom.eus\/"},{"@type":"ListItem","position":2,"name":"Tarifas de roaming"}]},{"@type":"WebSite","@id":"https:\/\/www.izarkom.eus\/#website","url":"https:\/\/www.izarkom.eus\/","name":"izarkom","description":"Izarkom, Euskal Herriko telekomunikazio kooperatiba","potentialAction":[{"@type":"SearchAction","target":{"@type":"EntryPoint","urlTemplate":"https:\/\/www.izarkom.eus\/?s={search_term_string}"},"query-input":{"@type":"PropertyValueSpecification","valueRequired":true,"valueName":"search_term_string"}}],"inLanguage":"es"}]}},"_links":{"self":[{"href":"https:\/\/www.izarkom.eus\/es\/wp-json\/wp\/v2\/pages\/17227","targetHints":{"allow":["GET"]}}],"collection":[{"href":"https:\/\/www.izarkom.eus\/es\/wp-json\/wp\/v2\/pages"}],"about":[{"href":"https:\/\/www.izarkom.eus\/es\/wp-json\/wp\/v2\/types\/page"}],"author":[{"embeddable":true,"href":"https:\/\/www.izarkom.eus\/es\/wp-json\/wp\/v2\/users\/5"}],"replies":[{"embeddable":true,"href":"https:\/\/www.izarkom.eus\/es\/wp-json\/wp\/v2\/comments?post=17227"}],"version-history":[{"count":5,"href":"https:\/\/www.izarkom.eus\/es\/wp-json\/wp\/v2\/pages\/17227\/revisions"}],"predecessor-version":[{"id":27094,"href":"https:\/\/www.izarkom.eus\/es\/wp-json\/wp\/v2\/pages\/17227\/revisions\/27094"}],"wp:attachment":[{"href":"https:\/\/www.izarkom.eus\/es\/wp-json\/wp\/v2\/media?parent=17227"}],"curies":[{"name":"wp","href":"https:\/\/api.w.org\/{rel}","templated":true}]}}