{"id":14727,"date":"2023-09-15T10:16:30","date_gmt":"2023-09-15T08:16:30","guid":{"rendered":"https:\/\/www.izarkom.eus\/calendario-laboral-2023\/"},"modified":"2026-01-06T10:20:23","modified_gmt":"2026-01-06T09:20:23","slug":"calendario-laboral","status":"publish","type":"page","link":"https:\/\/www.izarkom.eus\/es\/calendario-laboral\/","title":{"rendered":"Calendario Laboral"},"content":{"rendered":"<p>[et_pb_section fb_built=\u00bb1&#8243; admin_label=\u00bbProiektua\u00bb _builder_version=\u00bb4.25.1&#8243; background_color=\u00bbrgba(0,0,0,0)\u00bb max_height_tablet=\u00bb\u00bb max_height_phone=\u00bb\u00bb max_height_last_edited=\u00bbon|phone\u00bb custom_padding=\u00bb|0px|0|0px|false|false\u00bb hover_enabled=\u00bb0&#8243; da_disable_devices=\u00bboff|off|off\u00bb global_colors_info=\u00bb{}\u00bb sticky_enabled=\u00bb0&#8243; custom_margin=\u00bb115px||||false|false\u00bb da_is_popup=\u00bboff\u00bb da_exit_intent=\u00bboff\u00bb da_has_close=\u00bbon\u00bb da_alt_close=\u00bboff\u00bb da_dark_close=\u00bboff\u00bb da_not_modal=\u00bbon\u00bb da_is_singular=\u00bboff\u00bb da_with_loader=\u00bboff\u00bb da_has_shadow=\u00bbon\u00bb][et_pb_row column_structure=\u00bb3_4,1_4&#8243; _builder_version=\u00bb4.25.1&#8243; background_color=\u00bbRGBA(255,255,255,0)\u00bb width_tablet=\u00bb\u00bb width_phone=\u00bb90%\u00bb width_last_edited=\u00bbon|desktop\u00bb custom_margin=\u00bb||||false|false\u00bb custom_margin_tablet=\u00bb\u00bb custom_margin_phone=\u00bb\u00bb custom_margin_last_edited=\u00bbon|tablet\u00bb custom_padding=\u00bb||0px||false|false\u00bb global_colors_info=\u00bb{}\u00bb][et_pb_column type=\u00bb3_4&#8243; _builder_version=\u00bb4.25.1&#8243; background_enable_color=\u00bboff\u00bb custom_padding=\u00bb|||\u00bb global_colors_info=\u00bb{}\u00bb custom_padding__hover=\u00bb|||\u00bb][et_pb_text _builder_version=\u00bb4.25.1&#8243; text_font=\u00bbPoppins|300|||||||\u00bb text_text_color=\u00bb#FFFFFF\u00bb text_font_size=\u00bb16px\u00bb header_3_text_color=\u00bb#ffffff\u00bb background_color=\u00bb#BA0533&#8243; max_width=\u00bb100%\u00bb max_width_tablet=\u00bb100%\u00bb max_width_phone=\u00bb\u00bb max_width_last_edited=\u00bbon|tablet\u00bb module_alignment=\u00bbright\u00bb custom_margin=\u00bb0px||50px|3.6vw|false|false\u00bb custom_margin_tablet=\u00bb\u00bb custom_margin_phone=\u00bb|0px||0px|false|false\u00bb custom_margin_last_edited=\u00bbon|phone\u00bb custom_padding=\u00bb20px|0vw|10px|0vw|false|false\u00bb custom_padding_tablet=\u00bb0px|0vw|0px|0vw|false|false\u00bb custom_padding_phone=\u00bb0px||0px||false|false\u00bb custom_padding_last_edited=\u00bbon|desktop\u00bb link_option_url_new_window=\u00bbon\u00bb hover_enabled=\u00bb0&#8243; module_alignment_tablet=\u00bb\u00bb module_alignment_phone=\u00bbcenter\u00bb module_alignment_last_edited=\u00bbon|tablet\u00bb border_radii=\u00bbon|20px|20px|20px|20px\u00bb box_shadow_style=\u00bbpreset2&#8243; locked=\u00bboff\u00bb global_colors_info=\u00bb{}\u00bb sticky_enabled=\u00bb0&#8243;]<\/p>\n<div class=\"et_pb_row et_pb_row_2\">\n<div class=\"et_pb_column et_pb_column_4_4 et_pb_column_3  et_pb_css_mix_blend_mode_passthrough et-last-child\">\n<div class=\"et_pb_module et_pb_text et_pb_text_5  et_pb_text_align_left et_pb_bg_layout_light\">\n<div class=\"et_pb_text_inner\">\n<h3 style=\"text-align: center;\">CALENDARIO LABORAL 2026<\/h3>\n<h3 style=\"text-align: center;\">(D\u00edas en los que el servicio de atenci\u00f3n permanecer\u00e1 cerrado)<\/h3>\n<div id=\"translation_text\">\n<div class=\"jumbotron-text\">\n<div class=\"row\">\n<div class=\"col-md-12 col-xs-12\">\u00a0<\/div>\n<\/div>\n<p><\/p>\n<div class=\"row\">\n<div class=\"col-md-12 col-xs-12\">En IZARKOM queremos apostar por desarrollar un calendario de trabajo propio, acorde con nuestros valores. As\u00ed, hemos decidido no celebrar fiestas extra\u00f1as o d\u00edas relacionados con las religiones o las opresiones. En cambio, queremos celebrar o destacar los d\u00edas por una Euskal Herria ecologista, feminista, euskaldun y ciudadana. En este mismo sentido, queremos mantener e impulsar las celebraciones integradas en el imaginario colectivo vasco y relacionadas con los cambios de la propia naturaleza o vida.<\/div>\n<\/div>\n<\/div>\n<\/div>\n<\/div>\n<\/div>\n<\/div>\n<\/div>\n<div class=\"et_pb_row et_pb_row_3 et_pb_equal_columns\">\n<div class=\"et_pb_column et_pb_column_4_4 et_pb_column_4  et_pb_css_mix_blend_mode_passthrough et-last-child\">\n<div class=\"et_pb_module et_pb_text et_pb_text_6  et_pb_text_align_left et_pb_bg_layout_light\">\n<div class=\"et_pb_text_inner\">\n<p style=\"text-align: left;\"><strong>1 de enero \u00a0\u00a0\u00a0\u00a0\u00a0\u00a0\u00a0\u00a0\u00a0\u00a0\u00a0\u00a0\u00a0 \u2013 Urtats.<\/strong><\/p>\n<p style=\"text-align: left;\"><strong>18\u00a0 de marzo \u00a0\u00a0\u00a0\u00a0\u00a0\u00a0\u00a0\u00a0\u00a0 \u2013 Aniversario de la comuna de Par\u00eds.<\/strong> Un d\u00eda para celebrar y reivindicar las gobernaciones populares.<\/p>\n<p style=\"text-align: left;\"><strong>2, 3, 6\u00a0 de abril \u00a0\u00a0\u00a0\u00a0\u00a0\u00a0\u00a0\u00a0 \u2013 D\u00edas para la \u00abHerrigintza\u00bb.<\/strong> Conoce Euskal Herria.<\/p>\n<p style=\"text-align: left;\"><strong>1 de mayo\u00a0\u00a0\u00a0\u00a0\u00a0\u00a0\u00a0\u00a0\u00a0\u00a0\u00a0\u00a0\u00a0\u00a0\u00a0\u00a0\u00a0 \u2013 D\u00eda internacional de los trabajadores.<\/strong><\/p>\n<p style=\"text-align: left;\"><strong>24 de junio \u00a0\u00a0\u00a0\u00a0\u00a0\u00a0\u00a0\u00a0\u00a0\u00a0\u00a0\u00a0\u00a0\u00a0\u00a0 \u2013D\u00eda de celebraci\u00f3n del solsticio de verano.<\/strong><\/p>\n<p style=\"text-align: left;\"><strong>3 de diciembre\u00a0\u00a0\u00a0\u00a0\u00a0\u00a0\u00a0\u00a0\u00a0\u00a0\u00a0\u00a0\u00a0 \u2013 D\u00eda del Euskara.<\/strong><\/p>\n<p style=\"text-align: left;\"><strong>21 de diciembre\u00a0\u00a0\u00a0\u00a0\u00a0\u00a0\u00a0\u00a0\u00a0\u00a0\u00a0 \u2013 Neguko solstizioa.<\/strong><\/p>\n<p style=\"text-align: left;\"><strong>24\u00a0de diciembre\u00a0\u00a0\u00a0\u00a0\u00a0\u00a0\u00a0\u00a0\u00a0 \u2013 La noche de Mari Domingi. <\/strong><\/p>\n<p style=\"text-align: left;\"><strong>25 de diciembre\u00a0\u00a0\u00a0\u00a0\u00a0\u00a0\u00a0\u00a0\u00a0\u00a0 \u2013 Nacimiento del nuevo sol. <\/strong><\/p>\n<p style=\"text-align: left;\"><strong>31 de diciembre\u00a0\u00a0\u00a0\u00a0\u00a0\u00a0\u00a0\u00a0\u00a0\u00a0\u00a0 \u2013 Nochevieja.<\/strong><\/p>\n<\/div>\n<\/div>\n<\/div>\n<\/div>\n<p>[\/et_pb_text][\/et_pb_column][et_pb_column type=\u00bb1_4&#8243; _builder_version=\u00bb4.25.1&#8243; background_enable_color=\u00bboff\u00bb custom_padding=\u00bb|||\u00bb global_colors_info=\u00bb{}\u00bb custom_padding__hover=\u00bb|||\u00bb][et_pb_cta title=\u00bbVen con nosotros!\u00bb button_url=\u00bbhttps:\/\/www.izarkom.eus\/es\/asociate\/\u00bb button_text=\u00bbAs\u00f3ciate\u00bb _builder_version=\u00bb4.25.1&#8243; _module_preset=\u00bbdefault\u00bb header_level=\u00bbh1&#8243; header_text_color=\u00bb#BA0533&#8243; header_line_height=\u00bb1.2em\u00bb body_font=\u00bb|300|||||||\u00bb body_text_color=\u00bb#BA0533&#8243; body_font_size=\u00bb15px\u00bb background_color=\u00bbRGBA(255,255,255,0)\u00bb custom_button=\u00bbon\u00bb button_text_size=\u00bb28px\u00bb button_text_color=\u00bb#FFFFFF\u00bb button_bg_color=\u00bb#BA0533&#8243; button_border_width=\u00bb0px\u00bb button_font=\u00bbPoppins|300|||||||\u00bb button_icon=\u00bb&#x6a;||divi||400&#8243; button_icon_color=\u00bb#FFFFFF\u00bb button_icon_placement=\u00bbleft\u00bb button_on_hover=\u00bboff\u00bb max_width=\u00bb90%\u00bb module_alignment=\u00bbcenter\u00bb custom_margin=\u00bb85px||70px||false|false\u00bb custom_padding=\u00bb|12px||12px|false|false\u00bb custom_padding_tablet=\u00bb|12px||12px|false|false\u00bb custom_padding_phone=\u00bb|10px||10px|false|true\u00bb custom_padding_last_edited=\u00bbon|phone\u00bb sticky_position=\u00bbtop\u00bb sticky_limit_top=\u00bbrow\u00bb sticky_limit_bottom=\u00bbrow\u00bb motion_trigger_start=\u00bbtop\u00bb button_text_size_tablet=\u00bb28px\u00bb button_text_size_phone=\u00bb22px\u00bb button_text_size_last_edited=\u00bbon|phone\u00bb border_radii=\u00bbon|20px|20px|20px|20px\u00bb border_width_all=\u00bb4px\u00bb border_color_all=\u00bb#BA0533&#8243; border_radii_tablet=\u00bbon|20px|20px|20px|20px\u00bb border_radii_phone=\u00bbon|20px|20px|20px|20px\u00bb border_radii_last_edited=\u00bbon|phone\u00bb box_shadow_style=\u00bbpreset2&#8243; locked=\u00bboff\u00bb global_colors_info=\u00bb{}\u00bb]<\/p>\n<div id=\"translation_text\">\n<div class=\"jumbotron-text\">\n<div class=\"row\">\n<div class=\"col-md-12 col-xs-12\">Como proyecto participativo, los usuarios de los servicios Izarkom somos socios de la cooperativa.<\/div>\n<\/div>\n<div class=\"row\">\n<div class=\"col-md-12 col-xs-12\">Para hacerse socio hay que aportar 50\u20ac al capital social de la cooperativa (existe la posibilidad de fraccionar el pago).<\/div>\n<\/div>\n<\/div>\n<\/div>\n<p>[\/et_pb_cta][\/et_pb_column][\/et_pb_row][et_pb_row column_structure=\u00bb3_4,1_4&#8243; _builder_version=\u00bb4.25.1&#8243; background_color=\u00bbRGBA(255,255,255,0)\u00bb width_tablet=\u00bb\u00bb width_phone=\u00bb90%\u00bb width_last_edited=\u00bbon|desktop\u00bb custom_margin=\u00bb||||false|false\u00bb custom_margin_tablet=\u00bb\u00bb custom_margin_phone=\u00bb\u00bb custom_margin_last_edited=\u00bbon|tablet\u00bb custom_padding=\u00bb2px||0px||false|false\u00bb hover_enabled=\u00bb0&#8243; global_colors_info=\u00bb{}\u00bb sticky_enabled=\u00bb0&#8243;][et_pb_column type=\u00bb3_4&#8243; _builder_version=\u00bb4.25.1&#8243; custom_padding=\u00bb|||\u00bb hover_enabled=\u00bb0&#8243; global_colors_info=\u00bb{}\u00bb custom_padding__hover=\u00bb|||\u00bb background_color=\u00bbRGBA(255,255,255,0)\u00bb sticky_enabled=\u00bb0&#8243;][et_pb_text _builder_version=\u00bb4.25.1&#8243; text_font=\u00bbPoppins|300|||||||\u00bb text_text_color=\u00bb#BA0533&#8243; text_font_size=\u00bb16px\u00bb header_3_text_color=\u00bb#ffffff\u00bb background_color=\u00bbRGBA(255,255,255,0)\u00bb max_width=\u00bb100%\u00bb max_width_tablet=\u00bb100%\u00bb max_width_phone=\u00bb\u00bb max_width_last_edited=\u00bbon|tablet\u00bb module_alignment=\u00bbright\u00bb custom_margin=\u00bb0px||50px|3.6vw|false|false\u00bb custom_margin_tablet=\u00bb\u00bb custom_margin_phone=\u00bb|0px||0px|false|false\u00bb custom_margin_last_edited=\u00bbon|phone\u00bb custom_padding=\u00bb20px|0vw|10px|0vw|false|false\u00bb custom_padding_tablet=\u00bb0px|0vw|0px|0vw|false|false\u00bb custom_padding_phone=\u00bb0px||0px||false|false\u00bb custom_padding_last_edited=\u00bbon|desktop\u00bb link_option_url_new_window=\u00bbon\u00bb hover_enabled=\u00bb0&#8243; module_alignment_tablet=\u00bb\u00bb module_alignment_phone=\u00bbcenter\u00bb module_alignment_last_edited=\u00bbon|tablet\u00bb border_radii=\u00bbon|20px|20px|20px|20px\u00bb box_shadow_style=\u00bbpreset2&#8243; locked=\u00bboff\u00bb global_colors_info=\u00bb{}\u00bb sticky_enabled=\u00bb0&#8243;]<\/p>\n<div class=\"et_pb_row et_pb_row_2\">\n<div class=\"et_pb_column et_pb_column_4_4 et_pb_column_3  et_pb_css_mix_blend_mode_passthrough et-last-child\">\n<div class=\"et_pb_module et_pb_text et_pb_text_5  et_pb_text_align_left et_pb_bg_layout_light\">\n<div class=\"et_pb_text_inner\">\n<p>Estos d\u00edas atenderemos \u00fanicamente las demandas de atenci\u00f3n urgente.<\/p>\n<p>Si tienes un problema urgente, como siempre, <strong>enviamos<\/strong> <strong>un SMS al 693 922 997<\/strong> y nosotras nos pondremos en contacto contigo.<\/p>\n<p><strong>Todas las dem\u00e1s v\u00edas de atenci\u00f3n permanecer\u00e1n cerradas.<\/strong><\/p>\n<\/div>\n<\/div>\n<\/div>\n<\/div>\n<p>[\/et_pb_text][\/et_pb_column][et_pb_column type=\u00bb1_4&#8243; _builder_version=\u00bb4.25.1&#8243; background_enable_color=\u00bboff\u00bb custom_padding=\u00bb|||\u00bb global_colors_info=\u00bb{}\u00bb custom_padding__hover=\u00bb|||\u00bb][\/et_pb_column][\/et_pb_row][\/et_pb_section]<\/p>\n","protected":false},"excerpt":{"rendered":"<p>CALENDARIO LABORAL 2026 (D\u00edas en los que el servicio de atenci\u00f3n permanecer\u00e1 cerrado) \u00a0 En IZARKOM queremos apostar por desarrollar un calendario de trabajo propio, acorde con nuestros valores. As\u00ed, [&hellip;]<\/p>\n","protected":false},"author":4,"featured_media":22223,"parent":0,"menu_order":0,"comment_status":"closed","ping_status":"closed","template":"","meta":{"_et_pb_use_builder":"on","_et_pb_old_content":"","_et_gb_content_width":"","footnotes":""},"class_list":["post-14727","page","type-page","status-publish","has-post-thumbnail","hentry"],"yoast_head":"<!-- This site is optimized with the Yoast SEO plugin v27.5 - https:\/\/yoast.com\/product\/yoast-seo-wordpress\/ -->\n<title>Calendario Laboral - izarkom<\/title>\n<meta name=\"description\" content=\"En IZARKOM queremos apostar por desarrollar un calendario de trabajo propio, acorde con nuestros valores.\" \/>\n<meta name=\"robots\" content=\"index, follow, max-snippet:-1, max-image-preview:large, max-video-preview:-1\" \/>\n<link rel=\"canonical\" href=\"https:\/\/www.izarkom.eus\/es\/calendario-laboral\/\" \/>\n<meta property=\"og:locale\" content=\"es_ES\" \/>\n<meta property=\"og:type\" content=\"article\" \/>\n<meta property=\"og:title\" content=\"Calendario Laboral - izarkom\" \/>\n<meta property=\"og:description\" content=\"En IZARKOM queremos apostar por desarrollar un calendario de trabajo propio, acorde con nuestros valores.\" \/>\n<meta property=\"og:url\" content=\"https:\/\/www.izarkom.eus\/es\/calendario-laboral\/\" \/>\n<meta property=\"og:site_name\" content=\"izarkom\" \/>\n<meta property=\"article:modified_time\" content=\"2026-01-06T09:20:23+00:00\" \/>\n<meta property=\"og:image\" content=\"https:\/\/www.izarkom.eus\/wp-content\/uploads\/2025\/04\/Logoa.png\" \/>\n\t<meta property=\"og:image:width\" content=\"4039\" \/>\n\t<meta property=\"og:image:height\" content=\"1650\" \/>\n\t<meta property=\"og:image:type\" content=\"image\/png\" \/>\n<meta name=\"twitter:card\" content=\"summary_large_image\" \/>\n<meta name=\"twitter:label1\" content=\"Tiempo de lectura\" \/>\n\t<meta name=\"twitter:data1\" content=\"2 minutos\" \/>\n<script type=\"application\/ld+json\" class=\"yoast-schema-graph\">{\"@context\":\"https:\\\/\\\/schema.org\",\"@graph\":[{\"@type\":\"WebPage\",\"@id\":\"https:\\\/\\\/www.izarkom.eus\\\/es\\\/calendario-laboral\\\/\",\"url\":\"https:\\\/\\\/www.izarkom.eus\\\/es\\\/calendario-laboral\\\/\",\"name\":\"Calendario Laboral - izarkom\",\"isPartOf\":{\"@id\":\"https:\\\/\\\/www.izarkom.eus\\\/#website\"},\"primaryImageOfPage\":{\"@id\":\"https:\\\/\\\/www.izarkom.eus\\\/es\\\/calendario-laboral\\\/#primaryimage\"},\"image\":{\"@id\":\"https:\\\/\\\/www.izarkom.eus\\\/es\\\/calendario-laboral\\\/#primaryimage\"},\"thumbnailUrl\":\"https:\\\/\\\/www.izarkom.eus\\\/wp-content\\\/uploads\\\/2025\\\/04\\\/Logoa.png\",\"datePublished\":\"2023-09-15T08:16:30+00:00\",\"dateModified\":\"2026-01-06T09:20:23+00:00\",\"description\":\"En IZARKOM queremos apostar por desarrollar un calendario de trabajo propio, acorde con nuestros valores.\",\"breadcrumb\":{\"@id\":\"https:\\\/\\\/www.izarkom.eus\\\/es\\\/calendario-laboral\\\/#breadcrumb\"},\"inLanguage\":\"es\",\"potentialAction\":[{\"@type\":\"ReadAction\",\"target\":[\"https:\\\/\\\/www.izarkom.eus\\\/es\\\/calendario-laboral\\\/\"]}]},{\"@type\":\"ImageObject\",\"inLanguage\":\"es\",\"@id\":\"https:\\\/\\\/www.izarkom.eus\\\/es\\\/calendario-laboral\\\/#primaryimage\",\"url\":\"https:\\\/\\\/www.izarkom.eus\\\/wp-content\\\/uploads\\\/2025\\\/04\\\/Logoa.png\",\"contentUrl\":\"https:\\\/\\\/www.izarkom.eus\\\/wp-content\\\/uploads\\\/2025\\\/04\\\/Logoa.png\",\"width\":4039,\"height\":1650},{\"@type\":\"BreadcrumbList\",\"@id\":\"https:\\\/\\\/www.izarkom.eus\\\/es\\\/calendario-laboral\\\/#breadcrumb\",\"itemListElement\":[{\"@type\":\"ListItem\",\"position\":1,\"name\":\"Home\",\"item\":\"https:\\\/\\\/www.izarkom.eus\\\/es\\\/\"},{\"@type\":\"ListItem\",\"position\":2,\"name\":\"Calendario Laboral\"}]},{\"@type\":\"WebSite\",\"@id\":\"https:\\\/\\\/www.izarkom.eus\\\/#website\",\"url\":\"https:\\\/\\\/www.izarkom.eus\\\/\",\"name\":\"izarkom\",\"description\":\"Izarkom, Euskal Herriko telekomunikazio kooperatiba\",\"potentialAction\":[{\"@type\":\"SearchAction\",\"target\":{\"@type\":\"EntryPoint\",\"urlTemplate\":\"https:\\\/\\\/www.izarkom.eus\\\/?s={search_term_string}\"},\"query-input\":{\"@type\":\"PropertyValueSpecification\",\"valueRequired\":true,\"valueName\":\"search_term_string\"}}],\"inLanguage\":\"es\"}]}<\/script>\n<!-- \/ Yoast SEO plugin. -->","yoast_head_json":{"title":"Calendario Laboral - izarkom","description":"En IZARKOM queremos apostar por desarrollar un calendario de trabajo propio, acorde con nuestros valores.","robots":{"index":"index","follow":"follow","max-snippet":"max-snippet:-1","max-image-preview":"max-image-preview:large","max-video-preview":"max-video-preview:-1"},"canonical":"https:\/\/www.izarkom.eus\/es\/calendario-laboral\/","og_locale":"es_ES","og_type":"article","og_title":"Calendario Laboral - izarkom","og_description":"En IZARKOM queremos apostar por desarrollar un calendario de trabajo propio, acorde con nuestros valores.","og_url":"https:\/\/www.izarkom.eus\/es\/calendario-laboral\/","og_site_name":"izarkom","article_modified_time":"2026-01-06T09:20:23+00:00","og_image":[{"width":4039,"height":1650,"url":"https:\/\/www.izarkom.eus\/wp-content\/uploads\/2025\/04\/Logoa.png","type":"image\/png"}],"twitter_card":"summary_large_image","twitter_misc":{"Tiempo de lectura":"2 minutos"},"schema":{"@context":"https:\/\/schema.org","@graph":[{"@type":"WebPage","@id":"https:\/\/www.izarkom.eus\/es\/calendario-laboral\/","url":"https:\/\/www.izarkom.eus\/es\/calendario-laboral\/","name":"Calendario Laboral - izarkom","isPartOf":{"@id":"https:\/\/www.izarkom.eus\/#website"},"primaryImageOfPage":{"@id":"https:\/\/www.izarkom.eus\/es\/calendario-laboral\/#primaryimage"},"image":{"@id":"https:\/\/www.izarkom.eus\/es\/calendario-laboral\/#primaryimage"},"thumbnailUrl":"https:\/\/www.izarkom.eus\/wp-content\/uploads\/2025\/04\/Logoa.png","datePublished":"2023-09-15T08:16:30+00:00","dateModified":"2026-01-06T09:20:23+00:00","description":"En IZARKOM queremos apostar por desarrollar un calendario de trabajo propio, acorde con nuestros valores.","breadcrumb":{"@id":"https:\/\/www.izarkom.eus\/es\/calendario-laboral\/#breadcrumb"},"inLanguage":"es","potentialAction":[{"@type":"ReadAction","target":["https:\/\/www.izarkom.eus\/es\/calendario-laboral\/"]}]},{"@type":"ImageObject","inLanguage":"es","@id":"https:\/\/www.izarkom.eus\/es\/calendario-laboral\/#primaryimage","url":"https:\/\/www.izarkom.eus\/wp-content\/uploads\/2025\/04\/Logoa.png","contentUrl":"https:\/\/www.izarkom.eus\/wp-content\/uploads\/2025\/04\/Logoa.png","width":4039,"height":1650},{"@type":"BreadcrumbList","@id":"https:\/\/www.izarkom.eus\/es\/calendario-laboral\/#breadcrumb","itemListElement":[{"@type":"ListItem","position":1,"name":"Home","item":"https:\/\/www.izarkom.eus\/es\/"},{"@type":"ListItem","position":2,"name":"Calendario Laboral"}]},{"@type":"WebSite","@id":"https:\/\/www.izarkom.eus\/#website","url":"https:\/\/www.izarkom.eus\/","name":"izarkom","description":"Izarkom, Euskal Herriko telekomunikazio kooperatiba","potentialAction":[{"@type":"SearchAction","target":{"@type":"EntryPoint","urlTemplate":"https:\/\/www.izarkom.eus\/?s={search_term_string}"},"query-input":{"@type":"PropertyValueSpecification","valueRequired":true,"valueName":"search_term_string"}}],"inLanguage":"es"}]}},"_links":{"self":[{"href":"https:\/\/www.izarkom.eus\/es\/wp-json\/wp\/v2\/pages\/14727","targetHints":{"allow":["GET"]}}],"collection":[{"href":"https:\/\/www.izarkom.eus\/es\/wp-json\/wp\/v2\/pages"}],"about":[{"href":"https:\/\/www.izarkom.eus\/es\/wp-json\/wp\/v2\/types\/page"}],"author":[{"embeddable":true,"href":"https:\/\/www.izarkom.eus\/es\/wp-json\/wp\/v2\/users\/4"}],"replies":[{"embeddable":true,"href":"https:\/\/www.izarkom.eus\/es\/wp-json\/wp\/v2\/comments?post=14727"}],"version-history":[{"count":5,"href":"https:\/\/www.izarkom.eus\/es\/wp-json\/wp\/v2\/pages\/14727\/revisions"}],"predecessor-version":[{"id":26693,"href":"https:\/\/www.izarkom.eus\/es\/wp-json\/wp\/v2\/pages\/14727\/revisions\/26693"}],"wp:featuredmedia":[{"embeddable":true,"href":"https:\/\/www.izarkom.eus\/es\/wp-json\/wp\/v2\/media\/22223"}],"wp:attachment":[{"href":"https:\/\/www.izarkom.eus\/es\/wp-json\/wp\/v2\/media?parent=14727"}],"curies":[{"name":"wp","href":"https:\/\/api.w.org\/{rel}","templated":true}]}}