{"id":14083,"date":"2023-08-03T12:23:18","date_gmt":"2023-08-03T10:23:18","guid":{"rendered":"https:\/\/www.izarkom.eus\/politica-de-privacidad\/"},"modified":"2025-11-10T11:40:14","modified_gmt":"2025-11-10T10:40:14","slug":"politica-de-privacidad","status":"publish","type":"page","link":"https:\/\/www.izarkom.eus\/es\/politica-de-privacidad\/","title":{"rendered":"Pol\u00edtica de privacidad"},"content":{"rendered":"<p>[et_pb_section fb_built=\u00bb1&#8243; admin_label=\u00bbsection\u00bb _builder_version=\u00bb4.25.1&#8243; background_color=\u00bbRGBA(255,255,255,0)\u00bb width=\u00bb100%\u00bb min_height=\u00bb375px\u00bb custom_margin=\u00bb117px||||false|false\u00bb custom_padding=\u00bb0px|0px|0px|0px||\u00bb hover_enabled=\u00bb0&#8243; locked=\u00bboff\u00bb global_colors_info=\u00bb{}\u00bb sticky_enabled=\u00bb0&#8243; da_is_popup=\u00bboff\u00bb da_exit_intent=\u00bboff\u00bb da_has_close=\u00bbon\u00bb da_alt_close=\u00bboff\u00bb da_dark_close=\u00bboff\u00bb da_not_modal=\u00bbon\u00bb da_is_singular=\u00bboff\u00bb da_with_loader=\u00bboff\u00bb da_has_shadow=\u00bbon\u00bb da_disable_devices=\u00bboff|off|off\u00bb][et_pb_row custom_padding_last_edited=\u00bbon|phone\u00bb _builder_version=\u00bb4.25.1&#8243; background_color=\u00bbRGBA(255,255,255,0)\u00bb background_size=\u00bbinitial\u00bb background_position=\u00bbtop_left\u00bb background_repeat=\u00bbrepeat\u00bb width=\u00bb100%\u00bb width_tablet=\u00bb\u00bb width_phone=\u00bb100%\u00bb width_last_edited=\u00bbon|phone\u00bb custom_margin=\u00bb|auto||auto|false|false\u00bb custom_padding=\u00bb0px|212px|0px|212px|false|false\u00bb custom_padding_tablet=\u00bb|0px||0px\u00bb custom_padding_phone=\u00bb|||\u00bb hover_enabled=\u00bb0&#8243; global_colors_info=\u00bb{}\u00bb sticky_enabled=\u00bb0&#8243;][et_pb_column type=\u00bb4_4&#8243; _builder_version=\u00bb4.25.1&#8243; background_color=\u00bbRGBA(255,255,255,0)\u00bb custom_padding=\u00bb30px|5vw|0px||false|false\u00bb hover_enabled=\u00bb0&#8243; global_colors_info=\u00bb{}\u00bb custom_padding__hover=\u00bb|||\u00bb sticky_enabled=\u00bb0&#8243;][et_pb_text admin_label=\u00bbTitle\u00bb _builder_version=\u00bb4.25.1&#8243; text_font=\u00bb||||||||\u00bb header_font=\u00bb||||||||\u00bb header_text_align=\u00bbcenter\u00bb header_font_size=\u00bb40px\u00bb header_2_font=\u00bbPoppins|600|||||||\u00bb header_2_text_align=\u00bbcenter\u00bb header_2_font_size=\u00bb36px\u00bb header_2_line_height=\u00bb1.2em\u00bb text_orientation=\u00bbcenter\u00bb background_layout=\u00bbdark\u00bb module_alignment=\u00bbright\u00bb custom_margin=\u00bb||0px|\u00bb custom_padding=\u00bb||||false|false\u00bb animation_style=\u00bbfade\u00bb animation_direction=\u00bbtop\u00bb hover_enabled=\u00bb0&#8243; locked=\u00bboff\u00bb global_colors_info=\u00bb{}\u00bb header_text_color=\u00bb#00609A\u00bb sticky_enabled=\u00bb0&#8243;]<\/p>\n<h1 style=\"text-align: right;\"><span id=\"translation_box\" class=\"form-control-text textarea\" role=\"textbox\">Protecci\u00f3n de datos personales. Pol\u00edtica de privacidad<\/span><\/h1>\n<p>[\/et_pb_text][\/et_pb_column][\/et_pb_row][et_pb_row custom_padding_last_edited=\u00bbon|phone\u00bb _builder_version=\u00bb4.25.1&#8243; background_color=\u00bbRGBA(255,255,255,0)\u00bb background_size=\u00bbinitial\u00bb background_position=\u00bbtop_left\u00bb background_repeat=\u00bbrepeat\u00bb width=\u00bb100%\u00bb width_tablet=\u00bb\u00bb width_phone=\u00bb100%\u00bb width_last_edited=\u00bbon|phone\u00bb custom_margin=\u00bb||||false|false\u00bb custom_padding=\u00bb0px|212px||212px|false|false\u00bb custom_padding_tablet=\u00bb|0px||0px\u00bb custom_padding_phone=\u00bb|||\u00bb hover_enabled=\u00bb0&#8243; global_colors_info=\u00bb{}\u00bb sticky_enabled=\u00bb0&#8243;][et_pb_column type=\u00bb4_4&#8243; _builder_version=\u00bb4.25.1&#8243; background_color=\u00bbRGBA(255,255,255,0)\u00bb custom_padding=\u00bb10px|5vw|0px||false|false\u00bb hover_enabled=\u00bb0&#8243; global_colors_info=\u00bb{}\u00bb custom_padding__hover=\u00bb|||\u00bb sticky_enabled=\u00bb0&#8243;][et_pb_text module_class=\u00bbrv_button_Ondoren\u00bb _builder_version=\u00bb4.25.1&#8243; _module_preset=\u00bbdefault\u00bb text_text_color=\u00bb#FFFFFF\u00bb header_3_text_color=\u00bb#ffffff\u00bb custom_margin=\u00bb||0px||false|false\u00bb custom_padding=\u00bb45px|5vw|45px|5vw|false|false\u00bb link_option_url=\u00bb#\u00bb global_colors_info=\u00bb{}\u00bb sticky_enabled=\u00bb0&#8243; module_alignment=\u00bbright\u00bb text_font=\u00bbPoppins|300|||||||\u00bb text_font_size=\u00bb15px\u00bb header_3_text_align=\u00bbcenter\u00bb background_color=\u00bb#BA0533&#8243; text_orientation=\u00bbjustified\u00bb max_width=\u00bb100%\u00bb max_width_tablet=\u00bb100%\u00bb max_width_last_edited=\u00bbon|tablet\u00bb module_alignment_phone=\u00bbcenter\u00bb module_alignment_last_edited=\u00bbon|phone\u00bb custom_margin_phone=\u00bb|0px||0px|false|false\u00bb custom_margin_last_edited=\u00bbon|phone\u00bb custom_padding_phone=\u00bb|30px||30px|false|false\u00bb custom_padding_last_edited=\u00bbon|desktop\u00bb border_radii=\u00bbon|20px|20px|20px|20px\u00bb border_radii_tablet=\u00bboff|20px|20px||\u00bb border_radii_phone=\u00bboff|20px|20px|0px|0px\u00bb border_radii_last_edited=\u00bbon|phone\u00bb hover_enabled=\u00bb0&#8243; max_width_phone=\u00bb100%\u00bb module_alignment_tablet=\u00bbright\u00bb custom_margin_tablet=\u00bb||0px||false|false\u00bb custom_padding_tablet=\u00bb45px|5vw|45px|5vw|false|false\u00bb]<\/p>\n<div id=\"translation_text\">\n<div class=\"jumbotron-text\">\n<div class=\"row\">\n<div class=\"col-md-12 col-xs-12\">De conformidad con lo dispuesto en la Ley Org\u00e1nica 15\/1999, de 13 de diciembre, de Protecci\u00f3n de Datos de Car\u00e1cter Personal, IZARKOM KOOPERATIBA ELKARTEA advierte al usuario de la existencia de un fichero automatizado de datos de car\u00e1cter personal IZARKOM KOOP. Creada por el SGR para ser utilizada por \u00e9l mismo, bajo su responsabilidad, con el fin de cumplir con su objeto social, mantener la relaci\u00f3n con los socios y gestionar e informar. IZARKOM, S.COOP. en el momento de la aceptaci\u00f3n de las presentes Condiciones Generales. Se informa que el SGR recoger\u00e1 una serie de datos del usuario que son imprescindibles para la prestaci\u00f3n del servicio.<\/div>\n<\/div>\n<div class=\"row\">\n<div class=\"col-md-12 col-xs-12\">\n<p><strong>Registro de ficheros y formularios<\/strong><\/p>\n<p>Es imprescindible rellenar el formulario de socio IZARKOM KOOP. Ser miembro de ELK. y acceder a los servicios. En caso de que los datos personales que se solicitan no sean facilitados o no se apruebe esta pol\u00edtica de protecci\u00f3n de datos, no es posible ejercer la condici\u00f3n de socio. De conformidad con lo dispuesto en la Ley 15\/1999, de 13 de diciembre, del \u00d3rgano de Protecci\u00f3n de Datos de Car\u00e1cter Personal, le informamos que los datos personales obtenidos de su registro como socio son IZARKOM KOOP. que se almacenar\u00e1n en un fichero propiedad de la ELK. aplicando las medidas de seguridad legalmente exigidas.<\/p>\n<p><strong>Exactitud y veracidad de los datos<\/strong><\/p>\n<p>El socio es el \u00fanico responsable de la exactitud y veracidad de los datos que aporta, IZARKOM KOOP. ELK. est\u00e1 exenta de cualquier responsabilidad que pueda derivarse de la misma. Garantizan la exactitud, vigencia y veracidad de los datos personales facilitados por los socios y asumen la responsabilidad que de ellos pueda derivarse, en todos los casos, comprometi\u00e9ndose a mantenerlos debidamente actualizados. El socio acepta dar una informaci\u00f3n completa y correcta en el formulario de socio. IZARKOM, S.COOP. El SGR no asume la veracidad de las informaciones que no ha realizado o de las que proviene otra fuente, por lo que no se hace responsable de cualquier da\u00f1o que pueda derivarse del uso de dicha informaci\u00f3n. IZARKOM, S.COOP. La SEC se reserva el derecho a actualizar, modificar o eliminar la informaci\u00f3n contenida en sus p\u00e1ginas web, pudiendo restringir o impedir el acceso a la informaci\u00f3n. IZARKOM, S.COOP. El SGR no es responsable de los da\u00f1os o perjuicios que puedan derivarse de errores, errores u omisiones derivados de la informaci\u00f3n facilitada por fuentes ajenas a la organizaci\u00f3n.<\/p>\n<p><strong>Objetivos<\/strong><\/p>\n<p>IZARKOM, S.COOP. La finalidad del SGR es mantener y gestionar la relaci\u00f3n con los socios y realizar labores de informaci\u00f3n.<\/p>\n<p><strong>Facilitar datos a terceros<\/strong><\/p>\n<p>El prestador de datos, a la hora de facilitar los datos a trav\u00e9s de este sitio web, acepta IZARKOM KOOP. Que el SGR ceda estos datos a terceros siempre que sea imprescindible para poder prestar un servicio solicitado por el socio. En concreto, el prestador de datos autoriza a IZARKOM KOOP. Para que el SGR ceda estos datos a un tercero en los casos en que sea necesario para garantizar al socio el servicio de telefon\u00eda m\u00f3vil, telefon\u00eda fija o Internet.<\/p>\n<p><strong>Ejercicio de los derechos de acceso, rectificaci\u00f3n, limitaci\u00f3n, cancelaci\u00f3n, cancelaci\u00f3n y oposici\u00f3n:<\/strong><\/p>\n<p>Para ejercer los derechos de acceso, rectificaci\u00f3n, limitaci\u00f3n, cancelaci\u00f3n, cancelaci\u00f3n y oposici\u00f3n de sus datos de car\u00e1cter personal, pueden enviar sus solicitudes a IZARKOM KOOP. A esta direcci\u00f3n de correo electr\u00f3nico info@izarkom.eus o por correo postal al Pol\u00edgono Industrial Mallutz, 18, 20240 Ordizia, Gipuzkoa, indicando como referencia la LOPD. Para poder ejercer estos derechos, y de acuerdo con lo establecido en la Instrucci\u00f3n 1\/1998, de 19 de enero, de la Agencia de Protecci\u00f3n de Datos, es necesario que usted acredite su identidad para que env\u00ede a xxx (nombre de la entidad) copia de su DNI u otro documento admitido en Derecho. En cualquier caso, la modificaci\u00f3n o correcci\u00f3n de los datos de su registro podr\u00e1 realizarse en el mismo site, previa identificaci\u00f3n con usuario y contrase\u00f1a.<\/p>\n<p>Asimismo, se le indica que puede interponer reclamaci\u00f3n ante la Agencia Espa\u00f1ola de Protecci\u00f3n de Datos (AEPD) IZARKOM KOOP. Si ELK. no le ha contestado en el plazo de un mes desde su solicitud. En este caso puede remitir su reclamaci\u00f3n a la Agencia Espa\u00f1ola de Protecci\u00f3n de Datos,<\/p><\/div>\n<\/div>\n<\/div>\n<\/div>\n<p>[\/et_pb_text][\/et_pb_column][\/et_pb_row][\/et_pb_section]<\/p>\n","protected":false},"excerpt":{"rendered":"<p>Protecci\u00f3n de datos personales. Pol\u00edtica de privacidad De conformidad con lo dispuesto en la Ley Org\u00e1nica 15\/1999, de 13 de diciembre, de Protecci\u00f3n de Datos de Car\u00e1cter Personal, IZARKOM KOOPERATIBA [&hellip;]<\/p>\n","protected":false},"author":2,"featured_media":0,"parent":0,"menu_order":0,"comment_status":"closed","ping_status":"closed","template":"","meta":{"_et_pb_use_builder":"on","_et_pb_old_content":"","_et_gb_content_width":"","footnotes":""},"class_list":["post-14083","page","type-page","status-publish","hentry"],"yoast_head":"<!-- This site is optimized with the Yoast SEO plugin v27.3 - https:\/\/yoast.com\/product\/yoast-seo-wordpress\/ -->\n<title>Pol\u00edtica de privacidad - izarkom<\/title>\n<meta name=\"robots\" content=\"index, follow, max-snippet:-1, max-image-preview:large, max-video-preview:-1\" \/>\n<link rel=\"canonical\" href=\"https:\/\/www.izarkom.eus\/pribatutasun-politika\/\" \/>\n<meta property=\"og:locale\" content=\"es_ES\" \/>\n<meta property=\"og:type\" content=\"article\" \/>\n<meta property=\"og:title\" content=\"Pol\u00edtica de privacidad - izarkom\" \/>\n<meta property=\"og:description\" content=\"Protecci\u00f3n de datos personales. Pol\u00edtica de privacidad De conformidad con lo dispuesto en la Ley Org\u00e1nica 15\/1999, de 13 de diciembre, de Protecci\u00f3n de Datos de Car\u00e1cter Personal, IZARKOM KOOPERATIBA [&hellip;]\" \/>\n<meta property=\"og:url\" content=\"https:\/\/www.izarkom.eus\/pribatutasun-politika\/\" \/>\n<meta property=\"og:site_name\" content=\"izarkom\" \/>\n<meta property=\"article:modified_time\" content=\"2025-11-10T10:40:14+00:00\" \/>\n<meta name=\"twitter:card\" content=\"summary_large_image\" \/>\n<meta name=\"twitter:label1\" content=\"Tiempo de lectura\" \/>\n\t<meta name=\"twitter:data1\" content=\"6 minutos\" \/>\n<script type=\"application\/ld+json\" class=\"yoast-schema-graph\">{\"@context\":\"https:\\\/\\\/schema.org\",\"@graph\":[{\"@type\":\"WebPage\",\"@id\":\"https:\\\/\\\/www.izarkom.eus\\\/pribatutasun-politika\\\/\",\"url\":\"https:\\\/\\\/www.izarkom.eus\\\/pribatutasun-politika\\\/\",\"name\":\"Pol\u00edtica de privacidad - izarkom\",\"isPartOf\":{\"@id\":\"https:\\\/\\\/www.izarkom.eus\\\/#website\"},\"datePublished\":\"2023-08-03T10:23:18+00:00\",\"dateModified\":\"2025-11-10T10:40:14+00:00\",\"breadcrumb\":{\"@id\":\"https:\\\/\\\/www.izarkom.eus\\\/pribatutasun-politika\\\/#breadcrumb\"},\"inLanguage\":\"es\",\"potentialAction\":[{\"@type\":\"ReadAction\",\"target\":[\"https:\\\/\\\/www.izarkom.eus\\\/pribatutasun-politika\\\/\"]}]},{\"@type\":\"BreadcrumbList\",\"@id\":\"https:\\\/\\\/www.izarkom.eus\\\/pribatutasun-politika\\\/#breadcrumb\",\"itemListElement\":[{\"@type\":\"ListItem\",\"position\":1,\"name\":\"Home\",\"item\":\"https:\\\/\\\/www.izarkom.eus\\\/\"},{\"@type\":\"ListItem\",\"position\":2,\"name\":\"Pol\u00edtica de privacidad\"}]},{\"@type\":\"WebSite\",\"@id\":\"https:\\\/\\\/www.izarkom.eus\\\/#website\",\"url\":\"https:\\\/\\\/www.izarkom.eus\\\/\",\"name\":\"izarkom\",\"description\":\"Izarkom, Euskal Herriko telekomunikazio kooperatiba\",\"potentialAction\":[{\"@type\":\"SearchAction\",\"target\":{\"@type\":\"EntryPoint\",\"urlTemplate\":\"https:\\\/\\\/www.izarkom.eus\\\/?s={search_term_string}\"},\"query-input\":{\"@type\":\"PropertyValueSpecification\",\"valueRequired\":true,\"valueName\":\"search_term_string\"}}],\"inLanguage\":\"es\"}]}<\/script>\n<!-- \/ Yoast SEO plugin. -->","yoast_head_json":{"title":"Pol\u00edtica de privacidad - izarkom","robots":{"index":"index","follow":"follow","max-snippet":"max-snippet:-1","max-image-preview":"max-image-preview:large","max-video-preview":"max-video-preview:-1"},"canonical":"https:\/\/www.izarkom.eus\/pribatutasun-politika\/","og_locale":"es_ES","og_type":"article","og_title":"Pol\u00edtica de privacidad - izarkom","og_description":"Protecci\u00f3n de datos personales. Pol\u00edtica de privacidad De conformidad con lo dispuesto en la Ley Org\u00e1nica 15\/1999, de 13 de diciembre, de Protecci\u00f3n de Datos de Car\u00e1cter Personal, IZARKOM KOOPERATIBA [&hellip;]","og_url":"https:\/\/www.izarkom.eus\/pribatutasun-politika\/","og_site_name":"izarkom","article_modified_time":"2025-11-10T10:40:14+00:00","twitter_card":"summary_large_image","twitter_misc":{"Tiempo de lectura":"6 minutos"},"schema":{"@context":"https:\/\/schema.org","@graph":[{"@type":"WebPage","@id":"https:\/\/www.izarkom.eus\/pribatutasun-politika\/","url":"https:\/\/www.izarkom.eus\/pribatutasun-politika\/","name":"Pol\u00edtica de privacidad - izarkom","isPartOf":{"@id":"https:\/\/www.izarkom.eus\/#website"},"datePublished":"2023-08-03T10:23:18+00:00","dateModified":"2025-11-10T10:40:14+00:00","breadcrumb":{"@id":"https:\/\/www.izarkom.eus\/pribatutasun-politika\/#breadcrumb"},"inLanguage":"es","potentialAction":[{"@type":"ReadAction","target":["https:\/\/www.izarkom.eus\/pribatutasun-politika\/"]}]},{"@type":"BreadcrumbList","@id":"https:\/\/www.izarkom.eus\/pribatutasun-politika\/#breadcrumb","itemListElement":[{"@type":"ListItem","position":1,"name":"Home","item":"https:\/\/www.izarkom.eus\/"},{"@type":"ListItem","position":2,"name":"Pol\u00edtica de privacidad"}]},{"@type":"WebSite","@id":"https:\/\/www.izarkom.eus\/#website","url":"https:\/\/www.izarkom.eus\/","name":"izarkom","description":"Izarkom, Euskal Herriko telekomunikazio kooperatiba","potentialAction":[{"@type":"SearchAction","target":{"@type":"EntryPoint","urlTemplate":"https:\/\/www.izarkom.eus\/?s={search_term_string}"},"query-input":{"@type":"PropertyValueSpecification","valueRequired":true,"valueName":"search_term_string"}}],"inLanguage":"es"}]}},"_links":{"self":[{"href":"https:\/\/www.izarkom.eus\/es\/wp-json\/wp\/v2\/pages\/14083","targetHints":{"allow":["GET"]}}],"collection":[{"href":"https:\/\/www.izarkom.eus\/es\/wp-json\/wp\/v2\/pages"}],"about":[{"href":"https:\/\/www.izarkom.eus\/es\/wp-json\/wp\/v2\/types\/page"}],"author":[{"embeddable":true,"href":"https:\/\/www.izarkom.eus\/es\/wp-json\/wp\/v2\/users\/2"}],"replies":[{"embeddable":true,"href":"https:\/\/www.izarkom.eus\/es\/wp-json\/wp\/v2\/comments?post=14083"}],"version-history":[{"count":8,"href":"https:\/\/www.izarkom.eus\/es\/wp-json\/wp\/v2\/pages\/14083\/revisions"}],"predecessor-version":[{"id":26178,"href":"https:\/\/www.izarkom.eus\/es\/wp-json\/wp\/v2\/pages\/14083\/revisions\/26178"}],"wp:attachment":[{"href":"https:\/\/www.izarkom.eus\/es\/wp-json\/wp\/v2\/media?parent=14083"}],"curies":[{"name":"wp","href":"https:\/\/api.w.org\/{rel}","templated":true}]}}